{"id":2340,"date":"2026-01-05T12:35:01","date_gmt":"2026-01-05T11:35:01","guid":{"rendered":"https:\/\/woodahome.es\/?page_id=2340"},"modified":"2026-01-09T10:48:33","modified_gmt":"2026-01-09T09:48:33","slug":"mi-cuenta","status":"publish","type":"page","link":"https:\/\/woodahome.es\/en\/mi-cuenta\/","title":{"rendered":"Mi cuenta"},"content":{"rendered":"<style>.elementor-2340 .elementor-element.elementor-element-3bf36adf{--display:flex;--flex-direction:column;--container-widget-width:100%;--container-widget-height:initial;--container-widget-flex-grow:0;--container-widget-align-self:initial;--flex-wrap-mobile:wrap;--gap:0px 0px;--row-gap:0px;--column-gap:0px;--padding-top:120px;--padding-bottom:120px;--padding-left:0px;--padding-right:0px;}.elementor-2340 .elementor-element.elementor-element-6715bde1{text-align:center;}.elementor-2340 .elementor-element.elementor-element-6715bde1 .elementor-heading-title{font-family:var( --e-global-typography-secondary-font-family ), Sans-serif;font-weight:var( --e-global-typography-secondary-font-weight );}.elementor-2340 .elementor-element.elementor-element-4cbff38a{text-align:center;}.elementor-2340 .elementor-element.elementor-element-4cbff38a .elementor-heading-title{font-family:\"DM Sans\", Sans-serif;font-size:35px;font-weight:500;text-transform:none;font-style:normal;text-decoration:none;line-height:1.5em;letter-spacing:-0.5px;}.elementor-2340 .elementor-element.elementor-element-4cbff38a > .elementor-widget-container{margin:-4px 0px 0px 0px;padding:-6px 0px 0px 0px;}.elementor-2340 .elementor-element.elementor-element-11e02bc5{text-align:center;}.elementor-2340 .elementor-element.elementor-element-11e02bc5 .elementor-heading-title{font-family:var( --e-global-typography-text-font-family ), Sans-serif;font-size:var( --e-global-typography-text-font-size );font-weight:var( --e-global-typography-text-font-weight );}.elementor-2340 .elementor-element.elementor-element-63051459{--display:flex;--flex-direction:column;--container-widget-width:100%;--container-widget-height:initial;--container-widget-flex-grow:0;--container-widget-align-self:initial;--flex-wrap-mobile:wrap;--margin-top:-75px;--margin-bottom:0px;--margin-left:0px;--margin-right:0px;}.elementor-2340 .elementor-element.elementor-element-8e9b013{--display:flex;--border-radius:0px 0px 0px 0px;--padding-top:0px;--padding-bottom:0px;--padding-left:0px;--padding-right:0px;}.elementor-2340 .elementor-element.elementor-element-407a63e6{--display:flex;--gap:0px 0px;--row-gap:0px;--column-gap:0px;border-style:solid;--border-style:solid;border-width:1px 1px 1px 1px;--border-top-width:1px;--border-right-width:1px;--border-bottom-width:1px;--border-left-width:1px;--border-radius:10px 10px 10px 10px;}.elementor-2340 .elementor-element.elementor-element-5fdb6bef .elementor-icon-box-wrapper{text-align:center;gap:15px;}.elementor-2340 .elementor-element.elementor-element-5fdb6bef .elementor-icon-box-title, .elementor-2340 .elementor-element.elementor-element-5fdb6bef .elementor-icon-box-title a{font-family:\"Roboto\", Sans-serif;font-weight:600;}.elementor-2340 .elementor-element.elementor-element-5fdb6bef > .elementor-widget-container{padding:10px 0px 10px 0px;}.elementor-2340 .elementor-element.elementor-element-5fdb6bef{width:auto;max-width:auto;}.elementor-2340 .elementor-element.elementor-element-5fdb6bef.elementor-element{--align-self:center;}.elementor-2340 .elementor-element.elementor-element-23052994{text-align:center;}.elementor-2340 .elementor-element.elementor-element-23052994 .elementor-heading-title{font-family:\"Roboto\", Sans-serif;font-size:16px;font-weight:600;text-decoration:none;}.elementor-2340 .elementor-element.elementor-element-40848bd9{--display:flex;--border-radius:0px 0px 0px 0px;--padding-top:0px;--padding-bottom:0px;--padding-left:0px;--padding-right:0px;}.elementor-2340 .elementor-element.elementor-element-10881144{--display:flex;--gap:0px 0px;--row-gap:0px;--column-gap:0px;border-style:solid;--border-style:solid;border-width:1px 1px 1px 1px;--border-top-width:1px;--border-right-width:1px;--border-bottom-width:1px;--border-left-width:1px;--border-radius:10px 10px 10px 10px;}.elementor-2340 .elementor-element.elementor-element-3f517966 .elementor-icon-box-wrapper{text-align:center;gap:15px;}.elementor-2340 .elementor-element.elementor-element-3f517966 .elementor-icon-box-title, .elementor-2340 .elementor-element.elementor-element-3f517966 .elementor-icon-box-title a{font-family:\"Roboto\", Sans-serif;font-weight:600;}.elementor-2340 .elementor-element.elementor-element-3f517966 > .elementor-widget-container{padding:10px 0px 10px 0px;}.elementor-2340 .elementor-element.elementor-element-3f517966{width:auto;max-width:auto;}.elementor-2340 .elementor-element.elementor-element-3f517966.elementor-element{--align-self:center;}.elementor-2340 .elementor-element.elementor-element-19c6d65a{text-align:center;}.elementor-2340 .elementor-element.elementor-element-19c6d65a .elementor-heading-title{font-family:\"Roboto\", Sans-serif;font-size:16px;font-weight:600;text-decoration:none;}.elementor-2340 .elementor-element.elementor-element-1936eb4{--display:flex;--border-radius:0px 0px 0px 0px;--padding-top:0px;--padding-bottom:0px;--padding-left:0px;--padding-right:0px;}.elementor-2340 .elementor-element.elementor-element-538357a4{--display:flex;--gap:0px 0px;--row-gap:0px;--column-gap:0px;border-style:solid;--border-style:solid;border-width:1px 1px 1px 1px;--border-top-width:1px;--border-right-width:1px;--border-bottom-width:1px;--border-left-width:1px;--border-radius:10px 10px 10px 10px;}.elementor-2340 .elementor-element.elementor-element-df2f927 .elementor-icon-box-wrapper{text-align:center;gap:15px;}.elementor-2340 .elementor-element.elementor-element-df2f927 .elementor-icon-box-title, .elementor-2340 .elementor-element.elementor-element-df2f927 .elementor-icon-box-title a{font-family:\"Roboto\", Sans-serif;font-weight:600;}.elementor-2340 .elementor-element.elementor-element-df2f927 > .elementor-widget-container{padding:10px 0px 10px 0px;}.elementor-2340 .elementor-element.elementor-element-df2f927{width:auto;max-width:auto;}.elementor-2340 .elementor-element.elementor-element-df2f927.elementor-element{--align-self:center;}.elementor-2340 .elementor-element.elementor-element-708818a7{text-align:center;}.elementor-2340 .elementor-element.elementor-element-708818a7 .elementor-heading-title{font-family:\"Roboto\", Sans-serif;font-size:16px;font-weight:600;text-decoration:none;}.elementor-2340 .elementor-element.elementor-element-21f494da{--display:flex;--gap:0px 0px;--row-gap:0px;--column-gap:0px;--border-radius:0px 0px 0px 0px;--padding-top:0px;--padding-bottom:0px;--padding-left:0px;--padding-right:0px;}.elementor-2340 .elementor-element.elementor-element-16ed8c07{--display:flex;--gap:0px 0px;--row-gap:0px;--column-gap:0px;border-style:solid;--border-style:solid;border-width:1px 1px 1px 1px;--border-top-width:1px;--border-right-width:1px;--border-bottom-width:1px;--border-left-width:1px;--border-radius:10px 10px 10px 10px;}.elementor-2340 .elementor-element.elementor-element-311daaa3 .elementor-icon-box-wrapper{text-align:center;gap:15px;}.elementor-2340 .elementor-element.elementor-element-311daaa3 .elementor-icon-box-title, .elementor-2340 .elementor-element.elementor-element-311daaa3 .elementor-icon-box-title a{font-family:\"Roboto\", Sans-serif;font-weight:600;}.elementor-2340 .elementor-element.elementor-element-311daaa3 > .elementor-widget-container{padding:10px 0px 10px 0px;}.elementor-2340 .elementor-element.elementor-element-311daaa3{width:auto;max-width:auto;}.elementor-2340 .elementor-element.elementor-element-311daaa3.elementor-element{--align-self:center;}.elementor-2340 .elementor-element.elementor-element-2337e994{text-align:center;}.elementor-2340 .elementor-element.elementor-element-2337e994 .elementor-heading-title{font-family:\"Roboto\", Sans-serif;font-size:16px;font-weight:600;text-decoration:none;}.elementor-2340 .elementor-element.elementor-element-3feca7{--display:flex;--border-radius:0px 0px 0px 0px;--padding-top:0px;--padding-bottom:0px;--padding-left:0px;--padding-right:0px;}.elementor-2340 .elementor-element.elementor-element-517e8e76{--display:flex;--gap:0px 0px;--row-gap:0px;--column-gap:0px;border-style:solid;--border-style:solid;border-width:1px 1px 1px 1px;--border-top-width:1px;--border-right-width:1px;--border-bottom-width:1px;--border-left-width:1px;--border-radius:10px 10px 10px 10px;}.elementor-2340 .elementor-element.elementor-element-762a580a .elementor-icon-box-wrapper{text-align:center;gap:15px;}.elementor-2340 .elementor-element.elementor-element-762a580a .elementor-icon-box-title, .elementor-2340 .elementor-element.elementor-element-762a580a .elementor-icon-box-title a{font-family:\"Roboto\", Sans-serif;font-weight:600;}.elementor-2340 .elementor-element.elementor-element-762a580a > .elementor-widget-container{padding:10px 0px 10px 0px;}.elementor-2340 .elementor-element.elementor-element-762a580a{width:auto;max-width:auto;}.elementor-2340 .elementor-element.elementor-element-762a580a.elementor-element{--align-self:center;}.elementor-2340 .elementor-element.elementor-element-640a0213{text-align:center;}.elementor-2340 .elementor-element.elementor-element-640a0213 .elementor-heading-title{font-family:\"Roboto\", Sans-serif;font-size:16px;font-weight:600;text-decoration:none;}.elementor-2340 .elementor-element.elementor-element-33d61cd3{--e-n-carousel-swiper-slides-to-display:5;--e-n-carousel-slide-height:auto;--e-n-carousel-slide-container-height:100%;--e-n-carousel-arrow-prev-left-align:0%;--e-n-carousel-arrow-prev-translate-x:0px;--e-n-carousel-arrow-prev-left-position:0px;--e-n-carousel-arrow-prev-top-align:50%;--e-n-carousel-arrow-prev-translate-y:-50%;--e-n-carousel-arrow-prev-top-position:0px;--e-n-carousel-arrow-next-right-align:0%;--e-n-carousel-arrow-next-translate-x:0%;--e-n-carousel-arrow-next-right-position:0px;--e-n-carousel-arrow-next-top-align:50%;--e-n-carousel-arrow-next-translate-y:-50%;--e-n-carousel-arrow-next-top-position:0px;--e-n-carousel-swiper-slides-gap:10px;}.elementor-2340 .elementor-element.elementor-element-28d2417a{--display:flex;--margin-top:0%;--margin-bottom:0%;--margin-left:0%;--margin-right:0%;--padding-top:50px;--padding-bottom:50px;--padding-left:0px;--padding-right:0px;}.elementor-2340 .elementor-element.elementor-element-4fb2d36c > .elementor-widget-container{margin:0px 0px 0px 0px;}:root{--page-title-display:none;}@media(max-width:1024px){.elementor-2340 .elementor-element.elementor-element-4cbff38a .elementor-heading-title{font-size:22px;}.elementor-2340 .elementor-element.elementor-element-11e02bc5 .elementor-heading-title{font-size:var( --e-global-typography-text-font-size );}.elementor-2340 .elementor-element.elementor-element-5fdb6bef .elementor-icon-box-title, .elementor-2340 .elementor-element.elementor-element-5fdb6bef .elementor-icon-box-title a{font-size:18px;}.elementor-2340 .elementor-element.elementor-element-3f517966 .elementor-icon-box-title, .elementor-2340 .elementor-element.elementor-element-3f517966 .elementor-icon-box-title a{font-size:18px;}.elementor-2340 .elementor-element.elementor-element-df2f927 .elementor-icon-box-title, .elementor-2340 .elementor-element.elementor-element-df2f927 .elementor-icon-box-title a{font-size:18px;}.elementor-2340 .elementor-element.elementor-element-311daaa3 .elementor-icon-box-title, .elementor-2340 .elementor-element.elementor-element-311daaa3 .elementor-icon-box-title a{font-size:18px;}.elementor-2340 .elementor-element.elementor-element-762a580a .elementor-icon-box-title, .elementor-2340 .elementor-element.elementor-element-762a580a .elementor-icon-box-title a{font-size:18px;}.elementor-2340 .elementor-element.elementor-element-33d61cd3{--e-n-carousel-swiper-slides-to-display:3;}}@media(max-width:767px){.elementor-2340 .elementor-element.elementor-element-3bf36adf{--padding-top:80px;--padding-bottom:40px;--padding-left:0px;--padding-right:0px;}.elementor-2340 .elementor-element.elementor-element-4cbff38a .elementor-heading-title{font-size:21px;}.elementor-2340 .elementor-element.elementor-element-11e02bc5 .elementor-heading-title{font-size:var( --e-global-typography-text-font-size );}.elementor-2340 .elementor-element.elementor-element-63051459{--margin-top:0px;--margin-bottom:0px;--margin-left:0px;--margin-right:0px;}.elementor-2340 .elementor-element.elementor-element-33d61cd3{--e-n-carousel-swiper-slides-to-display:2;}}<\/style>\t\t<div data-elementor-type=\"wp-page\" data-elementor-id=\"2340\" class=\"elementor elementor-2340\" data-elementor-post-type=\"page\">\n\t\t\t\t<div class=\"elementor-element elementor-element-28d2417a e-flex e-con-boxed e-con e-parent\" data-id=\"28d2417a\" data-element_type=\"container\" data-e-type=\"container\">\n\t\t\t\t\t<div class=\"e-con-inner\">\n\t\t\t\t<div class=\"elementor-element elementor-element-4fb2d36c e-my-account-tabs-vertical elementor-widget elementor-widget-woocommerce-my-account\" data-id=\"4fb2d36c\" data-element_type=\"widget\" data-e-type=\"widget\" data-widget_type=\"woocommerce-my-account.default\">\n\t\t\t\t<div class=\"elementor-widget-container\">\n\t\t\t\t\t<div class=\"e-my-account-tab e-my-account-tab__\">\t\t\t<div class=\"woocommerce\"><\/div>\t\t<\/div>\n\t\t\t\t\t\t<\/div>\n\t\t\t\t<\/div>\n\t\t\t\t\t<\/div>\n\t\t\t\t<\/div>\n\t\t\t\t<\/div>","protected":false},"excerpt":{"rendered":"<p>Acceda a sus cursos Aqu\u00ed puedes gestionar tus formaciones, pedidos, cuenta y m\u00e9todos de pago. Pedidos Descargas Direcci\u00f3n M\u00e9todos de pago Editar cuenta Pedidos Descargas Direcci\u00f3n M\u00e9todos de pago Editar cuenta Escritorio Pedidos Descargas Direcciones M\u00e9todos de pago Detalles de la cuenta Cerrar sesi\u00f3n Hola Gemma (\u00bfno eres Gemma? Cerrar sesi\u00f3n) Desde el escritorio de [&hellip;]<\/p>\n","protected":false},"author":2,"featured_media":0,"parent":0,"menu_order":0,"comment_status":"closed","ping_status":"closed","template":"","meta":{"_joinchat":[],"footnotes":""},"class_list":["post-2340","page","type-page","status-publish","hentry"],"_links":{"self":[{"href":"https:\/\/woodahome.es\/en\/wp-json\/wp\/v2\/pages\/2340","targetHints":{"allow":["GET"]}}],"collection":[{"href":"https:\/\/woodahome.es\/en\/wp-json\/wp\/v2\/pages"}],"about":[{"href":"https:\/\/woodahome.es\/en\/wp-json\/wp\/v2\/types\/page"}],"author":[{"embeddable":true,"href":"https:\/\/woodahome.es\/en\/wp-json\/wp\/v2\/users\/2"}],"replies":[{"embeddable":true,"href":"https:\/\/woodahome.es\/en\/wp-json\/wp\/v2\/comments?post=2340"}],"version-history":[{"count":5,"href":"https:\/\/woodahome.es\/en\/wp-json\/wp\/v2\/pages\/2340\/revisions"}],"predecessor-version":[{"id":2384,"href":"https:\/\/woodahome.es\/en\/wp-json\/wp\/v2\/pages\/2340\/revisions\/2384"}],"wp:attachment":[{"href":"https:\/\/woodahome.es\/en\/wp-json\/wp\/v2\/media?parent=2340"}],"curies":[{"name":"wp","href":"https:\/\/api.w.org\/{rel}","templated":true}]}}