{"id":1013,"date":"2025-06-27T10:22:36","date_gmt":"2025-06-27T09:22:36","guid":{"rendered":"https:\/\/woodahome.es\/producto\/decoracion-pared-circular-en-madera-rustica\/"},"modified":"2025-06-27T10:22:39","modified_gmt":"2025-06-27T09:22:39","slug":"decoracion-pared-circular-en-madera-rustica","status":"publish","type":"product","link":"https:\/\/woodahome.es\/en\/product\/decoracion-pared-circular-en-madera-rustica\/","title":{"rendered":"Decoraci\u00f3n pared circular en madera r\u00fastica"},"content":{"rendered":"<p>C\u00edrculo para pared de madera envejecida pintado en blanco con pintura acr\u00edlica al agua.<\/p>\n<p>Los soportes de madera para los jarrones est\u00e1n adheridos a la madera y para el cambio del jarr\u00f3n, \u00e9ste lleva una junta que hace tope y puedes sacarlo con facilidad estirando hacia arriba y volverlo a colocar ya que la junta hace tope impidiendo que el jarr\u00f3n se caiga.<\/p>\n<p>La junta la puedes poner m\u00e1s arriba o m\u00e1s abajo pudiendo variar la altura del jarr\u00f3n.<\/p>\n<p>La medida del c\u00edrculo es de 28 cms. de di\u00e1metro y lleva un soporte dentado detr\u00e1s para colgarlo f\u00e1cilmente en la pared con un simple clavo ya que su peso es muy ligero.<\/p>\n<p>Puedes\u00a0llenar los jarrones de agua y colocar tus esquejes de plantas frescas \u00f3 puedes colocar plantas secas&#8230; Tienes la opci\u00f3n de adquirirlos con las plantas de la fotograf\u00eda tambi\u00e9n que son plantas preservadas&#8230; No necesitan ni luz ni agua conserv\u00e1ndose para siempre con \u00e9ste aspecto fresco.<\/p>\n<p>Si deseas alg\u00fan cambio en color de la madera, de la pintura, m\u00e1s jarrones \u00f3 cualquier variaci\u00f3n no dudes en coment\u00e1rmelo&#8230;<\/p>\n<p><\/p>\n<p>\u00a0<\/p>\n<p>\u00a0<\/p>","protected":false},"excerpt":{"rendered":"<p>C\u00edrculo para pared de madera envejecida pintado en blanco con pintura acr\u00edlica al agua. Los soportes de madera para los jarrones est\u00e1n adheridos a la madera y para el cambio del jarr\u00f3n, \u00e9ste lleva una junta que hace tope y puedes sacarlo con facilidad estirando hacia arriba y volverlo a colocar ya que la junta [&hellip;]<\/p>\n","protected":false},"featured_media":1356,"comment_status":"open","ping_status":"closed","template":"","meta":{"_joinchat":[]},"product_brand":[],"product_cat":[83],"product_tag":[65,66,38,40,41,42,67,48,51],"class_list":{"0":"post-1013","1":"product","2":"type-product","3":"status-publish","4":"has-post-thumbnail","6":"product_cat-jardineras-circulares","7":"product_tag-circular","8":"product_tag-circulo","9":"product_tag-decoracion","10":"product_tag-decoracion-interior","11":"product_tag-decoracion-nordica","12":"product_tag-decoracion-pared","13":"product_tag-jarron-plantas","14":"product_tag-macetero","15":"product_tag-madera-rustica","17":"first","18":"instock","19":"taxable","20":"shipping-taxable","21":"purchasable","22":"product-type-variable"},"_links":{"self":[{"href":"https:\/\/woodahome.es\/en\/wp-json\/wp\/v2\/product\/1013","targetHints":{"allow":["GET"]}}],"collection":[{"href":"https:\/\/woodahome.es\/en\/wp-json\/wp\/v2\/product"}],"about":[{"href":"https:\/\/woodahome.es\/en\/wp-json\/wp\/v2\/types\/product"}],"replies":[{"embeddable":true,"href":"https:\/\/woodahome.es\/en\/wp-json\/wp\/v2\/comments?post=1013"}],"wp:featuredmedia":[{"embeddable":true,"href":"https:\/\/woodahome.es\/en\/wp-json\/wp\/v2\/media\/1356"}],"wp:attachment":[{"href":"https:\/\/woodahome.es\/en\/wp-json\/wp\/v2\/media?parent=1013"}],"wp:term":[{"taxonomy":"product_brand","embeddable":true,"href":"https:\/\/woodahome.es\/en\/wp-json\/wp\/v2\/product_brand?post=1013"},{"taxonomy":"product_cat","embeddable":true,"href":"https:\/\/woodahome.es\/en\/wp-json\/wp\/v2\/product_cat?post=1013"},{"taxonomy":"product_tag","embeddable":true,"href":"https:\/\/woodahome.es\/en\/wp-json\/wp\/v2\/product_tag?post=1013"}],"curies":[{"name":"wp","href":"https:\/\/api.w.org\/{rel}","templated":true}]}}