{"id":1017,"date":"2025-06-27T10:22:43","date_gmt":"2025-06-27T09:22:43","guid":{"rendered":"https:\/\/woodahome.es\/producto\/decoracion-pared-en-madera-circular\/"},"modified":"2025-06-27T10:22:50","modified_gmt":"2025-06-27T09:22:50","slug":"decoracion-pared-en-madera-circular","status":"publish","type":"product","link":"https:\/\/woodahome.es\/en\/product\/decoracion-pared-en-madera-circular\/","title":{"rendered":"Decoraci\u00f3n pared en madera circular"},"content":{"rendered":"<p>C\u00edrculo para pared de madera natural y mitad en blanco.<\/p>\n<p>Los soportes de madera para los jarrones est\u00e1n adheridos a la madera, el jarr\u00f3n de cristal va incluido y se puede sacar con facilidad estirando hacia arriba y volverlo a colocar.<\/p>\n<p>La medida del c\u00edrculo es de 28 cm de di\u00e1metro y lleva un soporte dentado detr\u00e1s para colgarlo f\u00e1cilmente en la pared con un simple clavo ya que su peso es muy ligero.<\/p>\n<p>Puedes llenar los jarrones de agua y colocar tus esquejes de plantas frescas o puedes colocar plantas secas&#8230; Tienes la opci\u00f3n de adquirirlos con las plantas de la fotograf\u00eda tambi\u00e9n que son plantas preservadas&#8230; No necesitan ni luz ni agua conserv\u00e1ndose para siempre con \u00e9ste aspecto fresco.<\/p>\n<p>Si deseas alg\u00fan cambio en color de la madera, de la pintura, m\u00e1s jarrones \u00f3 cualquier variaci\u00f3n no dudes en coment\u00e1rmelo&#8230;<\/p>\n<p>Se a\u00f1ade el circulo de rattan para colocar bajo el circulo de madera. \u00c9ste contiene cinta adhesiva en su parte trasera para que pueda pegarse a la pared f\u00e1cilmente.<\/p>\n<p><\/p>\n<p>\u00a0<\/p>\n<p>\u00a0<\/p>","protected":false},"excerpt":{"rendered":"<p>C\u00edrculo para pared de madera natural y mitad en blanco. Los soportes de madera para los jarrones est\u00e1n adheridos a la madera, el jarr\u00f3n de cristal va incluido y se puede sacar con facilidad estirando hacia arriba y volverlo a colocar. La medida del c\u00edrculo es de 28 cm de di\u00e1metro y lleva un soporte [&hellip;]<\/p>\n","protected":false},"featured_media":1362,"comment_status":"open","ping_status":"closed","template":"","meta":{"_joinchat":[]},"product_brand":[],"product_cat":[83],"product_tag":[38,40,41,42,71,67,48,51,52,56,72],"class_list":{"0":"post-1017","1":"product","2":"type-product","3":"status-publish","4":"has-post-thumbnail","6":"product_cat-jardineras-circulares","7":"product_tag-decoracion","8":"product_tag-decoracion-interior","9":"product_tag-decoracion-nordica","10":"product_tag-decoracion-pared","11":"product_tag-farmhouse","12":"product_tag-jarron-plantas","13":"product_tag-macetero","14":"product_tag-madera-rustica","15":"product_tag-original","16":"product_tag-regalos","17":"product_tag-unico","19":"first","20":"instock","21":"taxable","22":"shipping-taxable","23":"purchasable","24":"product-type-variable"},"_links":{"self":[{"href":"https:\/\/woodahome.es\/en\/wp-json\/wp\/v2\/product\/1017","targetHints":{"allow":["GET"]}}],"collection":[{"href":"https:\/\/woodahome.es\/en\/wp-json\/wp\/v2\/product"}],"about":[{"href":"https:\/\/woodahome.es\/en\/wp-json\/wp\/v2\/types\/product"}],"replies":[{"embeddable":true,"href":"https:\/\/woodahome.es\/en\/wp-json\/wp\/v2\/comments?post=1017"}],"wp:featuredmedia":[{"embeddable":true,"href":"https:\/\/woodahome.es\/en\/wp-json\/wp\/v2\/media\/1362"}],"wp:attachment":[{"href":"https:\/\/woodahome.es\/en\/wp-json\/wp\/v2\/media?parent=1017"}],"wp:term":[{"taxonomy":"product_brand","embeddable":true,"href":"https:\/\/woodahome.es\/en\/wp-json\/wp\/v2\/product_brand?post=1017"},{"taxonomy":"product_cat","embeddable":true,"href":"https:\/\/woodahome.es\/en\/wp-json\/wp\/v2\/product_cat?post=1017"},{"taxonomy":"product_tag","embeddable":true,"href":"https:\/\/woodahome.es\/en\/wp-json\/wp\/v2\/product_tag?post=1017"}],"curies":[{"name":"wp","href":"https:\/\/api.w.org\/{rel}","templated":true}]}}