{"id":1031,"date":"2025-06-27T10:22:48","date_gmt":"2025-06-27T09:22:48","guid":{"rendered":"https:\/\/woodahome.es\/producto\/jarron-de-cristal-para-pared\/"},"modified":"2025-06-27T10:22:50","modified_gmt":"2025-06-27T09:22:50","slug":"jarron-de-cristal-para-pared","status":"publish","type":"product","link":"https:\/\/woodahome.es\/en\/product\/jarron-de-cristal-para-pared\/","title":{"rendered":"Jarr\u00f3n de cristal para pared"},"content":{"rendered":"<p>Soporte de madera adhesivo para la pared con imanes de neodimio y jarr\u00f3n de cristal.<\/p>\n<p>El producto incluye la madera adhesiva para pared con los imanes de nedimio tanto en la madera como en el jarr\u00f3n adheridos y el jarr\u00f3n de cristal.<\/p>\n<p>No incluye la planta, tierra y piedras.<\/p>\n<p>El jarr\u00f3n tiene una medida de 20 cm de alto x 3,5 cm de ancho.<\/p>\n<p>Puedes escoger el color del soporte de madera entre natural o blanco.<\/p>\n<p>\u00a0<\/p>\n<p>\u00a0<\/p>","protected":false},"excerpt":{"rendered":"<p>Soporte de madera adhesivo para la pared con imanes de neodimio y jarr\u00f3n de cristal. El producto incluye la madera adhesiva para pared con los imanes de nedimio tanto en la madera como en el jarr\u00f3n adheridos y el jarr\u00f3n de cristal. No incluye la planta, tierra y piedras. El jarr\u00f3n tiene una medida de [&hellip;]<\/p>\n","protected":false},"featured_media":1378,"comment_status":"open","ping_status":"closed","template":"","meta":{"_joinchat":[]},"product_brand":[],"product_cat":[85],"product_tag":[68,70],"class_list":{"0":"post-1031","1":"product","2":"type-product","3":"status-publish","4":"has-post-thumbnail","6":"product_cat-jarrones-de-cristal","7":"product_tag-jarron-propagacion","8":"product_tag-soporte-cristal-plantas","10":"first","11":"instock","12":"taxable","13":"shipping-taxable","14":"purchasable","15":"product-type-variable"},"_links":{"self":[{"href":"https:\/\/woodahome.es\/en\/wp-json\/wp\/v2\/product\/1031","targetHints":{"allow":["GET"]}}],"collection":[{"href":"https:\/\/woodahome.es\/en\/wp-json\/wp\/v2\/product"}],"about":[{"href":"https:\/\/woodahome.es\/en\/wp-json\/wp\/v2\/types\/product"}],"replies":[{"embeddable":true,"href":"https:\/\/woodahome.es\/en\/wp-json\/wp\/v2\/comments?post=1031"}],"wp:featuredmedia":[{"embeddable":true,"href":"https:\/\/woodahome.es\/en\/wp-json\/wp\/v2\/media\/1378"}],"wp:attachment":[{"href":"https:\/\/woodahome.es\/en\/wp-json\/wp\/v2\/media?parent=1031"}],"wp:term":[{"taxonomy":"product_brand","embeddable":true,"href":"https:\/\/woodahome.es\/en\/wp-json\/wp\/v2\/product_brand?post=1031"},{"taxonomy":"product_cat","embeddable":true,"href":"https:\/\/woodahome.es\/en\/wp-json\/wp\/v2\/product_cat?post=1031"},{"taxonomy":"product_tag","embeddable":true,"href":"https:\/\/woodahome.es\/en\/wp-json\/wp\/v2\/product_tag?post=1031"}],"curies":[{"name":"wp","href":"https:\/\/api.w.org\/{rel}","templated":true}]}}