{"id":1034,"date":"2025-06-27T10:22:54","date_gmt":"2025-06-27T09:22:54","guid":{"rendered":"https:\/\/woodahome.es\/producto\/jarron-marron\/"},"modified":"2025-06-27T10:22:55","modified_gmt":"2025-06-27T09:22:55","slug":"jarron-marron","status":"publish","type":"product","link":"https:\/\/woodahome.es\/en\/product\/jarron-marron\/","title":{"rendered":"Jarr\u00f3n marr\u00f3n"},"content":{"rendered":"<p>Jarr\u00f3n de 16 cm de alto x 6 cm de di\u00e1metro.<\/p>\n<p>Hecho con materiales biodegradables provenientes del ma\u00edz y madera.<\/p>\n<p>\u00a0<\/p>","protected":false},"excerpt":{"rendered":"<p>Jarr\u00f3n de 16 cm de alto x 6 cm de di\u00e1metro. Hecho con materiales biodegradables provenientes del ma\u00edz y madera. \u00a0<\/p>","protected":false},"featured_media":1381,"comment_status":"open","ping_status":"closed","template":"","meta":{"_joinchat":[]},"product_brand":[],"product_cat":[84],"product_tag":[],"class_list":{"0":"post-1034","1":"product","2":"type-product","3":"status-publish","4":"has-post-thumbnail","6":"product_cat-jarrones-biodegradables","8":"first","9":"instock","10":"taxable","11":"shipping-taxable","12":"purchasable","13":"product-type-simple"},"_links":{"self":[{"href":"https:\/\/woodahome.es\/en\/wp-json\/wp\/v2\/product\/1034","targetHints":{"allow":["GET"]}}],"collection":[{"href":"https:\/\/woodahome.es\/en\/wp-json\/wp\/v2\/product"}],"about":[{"href":"https:\/\/woodahome.es\/en\/wp-json\/wp\/v2\/types\/product"}],"replies":[{"embeddable":true,"href":"https:\/\/woodahome.es\/en\/wp-json\/wp\/v2\/comments?post=1034"}],"wp:featuredmedia":[{"embeddable":true,"href":"https:\/\/woodahome.es\/en\/wp-json\/wp\/v2\/media\/1381"}],"wp:attachment":[{"href":"https:\/\/woodahome.es\/en\/wp-json\/wp\/v2\/media?parent=1034"}],"wp:term":[{"taxonomy":"product_brand","embeddable":true,"href":"https:\/\/woodahome.es\/en\/wp-json\/wp\/v2\/product_brand?post=1034"},{"taxonomy":"product_cat","embeddable":true,"href":"https:\/\/woodahome.es\/en\/wp-json\/wp\/v2\/product_cat?post=1034"},{"taxonomy":"product_tag","embeddable":true,"href":"https:\/\/woodahome.es\/en\/wp-json\/wp\/v2\/product_tag?post=1034"}],"curies":[{"name":"wp","href":"https:\/\/api.w.org\/{rel}","templated":true}]}}