{"id":1036,"date":"2025-06-27T10:22:55","date_gmt":"2025-06-27T09:22:55","guid":{"rendered":"https:\/\/woodahome.es\/producto\/jarrones-para-pared-adhesivos\/"},"modified":"2025-06-27T10:23:01","modified_gmt":"2025-06-27T09:23:01","slug":"jarrones-para-pared-adhesivos","status":"publish","type":"product","link":"https:\/\/woodahome.es\/en\/product\/jarrones-para-pared-adhesivos\/","title":{"rendered":"Jarrones para pared adhesivos"},"content":{"rendered":"<p>Pack de 5 soportes de madera de pino natural con jarr\u00f3n de cristal de 16 mm di\u00e1metro x 160 mm de alto.<\/p>\n<p>El soporte lleva un adhesivo para adherir a cualquier superficie. El jarr\u00f3n de cristal puede quitarse desliz\u00e1ndolo hacia arriba para el cambio de agua y plantas mientras el soporte sigue adherido a la pared. <\/p>\n<p>Se a\u00f1ade una arandela blanca para que haga tope y el jarr\u00f3n no deslice hacia abajo.<\/p>\n<p>\u00a0<\/p>\n<p>\u00a0<\/p>","protected":false},"excerpt":{"rendered":"<p>Pack de 5 soportes de madera de pino natural con jarr\u00f3n de cristal de 16 mm di\u00e1metro x 160 mm de alto. El soporte lleva un adhesivo para adherir a cualquier superficie. El jarr\u00f3n de cristal puede quitarse desliz\u00e1ndolo hacia arriba para el cambio de agua y plantas mientras el soporte sigue adherido a la [&hellip;]<\/p>\n","protected":false},"featured_media":1383,"comment_status":"open","ping_status":"closed","template":"","meta":{"_joinchat":[]},"product_brand":[],"product_cat":[85],"product_tag":[68,70],"class_list":{"0":"post-1036","1":"product","2":"type-product","3":"status-publish","4":"has-post-thumbnail","6":"product_cat-jarrones-de-cristal","7":"product_tag-jarron-propagacion","8":"product_tag-soporte-cristal-plantas","10":"first","11":"instock","12":"taxable","13":"shipping-taxable","14":"purchasable","15":"product-type-variable"},"_links":{"self":[{"href":"https:\/\/woodahome.es\/en\/wp-json\/wp\/v2\/product\/1036","targetHints":{"allow":["GET"]}}],"collection":[{"href":"https:\/\/woodahome.es\/en\/wp-json\/wp\/v2\/product"}],"about":[{"href":"https:\/\/woodahome.es\/en\/wp-json\/wp\/v2\/types\/product"}],"replies":[{"embeddable":true,"href":"https:\/\/woodahome.es\/en\/wp-json\/wp\/v2\/comments?post=1036"}],"wp:featuredmedia":[{"embeddable":true,"href":"https:\/\/woodahome.es\/en\/wp-json\/wp\/v2\/media\/1383"}],"wp:attachment":[{"href":"https:\/\/woodahome.es\/en\/wp-json\/wp\/v2\/media?parent=1036"}],"wp:term":[{"taxonomy":"product_brand","embeddable":true,"href":"https:\/\/woodahome.es\/en\/wp-json\/wp\/v2\/product_brand?post=1036"},{"taxonomy":"product_cat","embeddable":true,"href":"https:\/\/woodahome.es\/en\/wp-json\/wp\/v2\/product_cat?post=1036"},{"taxonomy":"product_tag","embeddable":true,"href":"https:\/\/woodahome.es\/en\/wp-json\/wp\/v2\/product_tag?post=1036"}],"curies":[{"name":"wp","href":"https:\/\/api.w.org\/{rel}","templated":true}]}}