{"id":1046,"date":"2025-06-27T10:22:58","date_gmt":"2025-06-27T09:22:58","guid":{"rendered":"https:\/\/woodahome.es\/producto\/macetero-circular-en-madera-efecto-oxido\/"},"modified":"2025-06-27T10:23:02","modified_gmt":"2025-06-27T09:23:02","slug":"macetero-circular-en-madera-efecto-oxido","status":"publish","type":"product","link":"https:\/\/woodahome.es\/en\/product\/macetero-circular-en-madera-efecto-oxido\/","title":{"rendered":"Macetero circular en madera efecto \u00f3xido"},"content":{"rendered":"<p>Esta pieza de decoraci\u00f3n de pared es una pieza de madera tratada manualmente para que parezca oxidada.<\/p>\n<p>Es un tratamiento costoso de varios d\u00edas donde con cada producto agregado se logra este acabado oxidado. Pero no deja de ser madera ligera, f\u00e1cil de instalar y colgar en las paredes con un simple clavo.<br data-mce-fragment=\"1\">Tiene un soporte dentado detr\u00e1s del c\u00edrculo para poder colgarlo f\u00e1cilmente.<br data-mce-fragment=\"1\"><br data-mce-fragment=\"1\">La medida del c\u00edrculo es exactamente 29 cm.<br data-mce-fragment=\"1\">El soporte que contiene el jarr\u00f3n de cristal se sujeta a la pieza con imanes. As\u00ed que puedes quitar y poner plantas o incluso agua y cambiarlo f\u00e1cilmente.<br data-mce-fragment=\"1\"><br data-mce-fragment=\"1\">Es una pieza muy apropiada para ambientes o decoraciones industriales, minimalistas y modernas.<br data-mce-fragment=\"1\"><br data-mce-fragment=\"1\">Puedes comprarlo con o sin plantas. Tambi\u00e9n puedes preguntarme que plantas tengo en este momento y te mando fotograf\u00edas de las que tengo. Son todas secas o conservadas, por lo que no necesitan mantenimiento (ni luz, ni agua).<br data-mce-fragment=\"1\"><br data-mce-fragment=\"1\">El color de la foto y la intensidad pueden variar un poco ya que cada uno se hace manualmente y cada tratamiento de oxidaci\u00f3n puede variar un poco, no siendo exactamente iguales pero muy fieles.<br data-mce-fragment=\"1\"><br data-mce-fragment=\"1\"><br data-mce-fragment=\"1\"><br data-mce-fragment=\"1\">S\u00edgueme en Instagram: @woodahome<\/p>","protected":false},"excerpt":{"rendered":"<p>Esta pieza de decoraci\u00f3n de pared es una pieza de madera tratada manualmente para que parezca oxidada. Es un tratamiento costoso de varios d\u00edas donde con cada producto agregado se logra este acabado oxidado. Pero no deja de ser madera ligera, f\u00e1cil de instalar y colgar en las paredes con un simple clavo.Tiene un soporte [&hellip;]<\/p>\n","protected":false},"featured_media":1397,"comment_status":"open","ping_status":"closed","template":"","meta":{"_joinchat":[]},"product_brand":[],"product_cat":[83],"product_tag":[65,66,38,40,41,42,43,44,45,46,63,47,67,68,48,50,69,53],"class_list":{"0":"post-1046","1":"product","2":"type-product","3":"status-publish","4":"has-post-thumbnail","6":"product_cat-jardineras-circulares","7":"product_tag-circular","8":"product_tag-circulo","9":"product_tag-decoracion","10":"product_tag-decoracion-interior","11":"product_tag-decoracion-nordica","12":"product_tag-decoracion-pared","13":"product_tag-diseno-interior","14":"product_tag-estilo-escandinavo","15":"product_tag-estilo-nordico","16":"product_tag-hogar","17":"product_tag-imanes","18":"product_tag-jardines-verticales","19":"product_tag-jarron-plantas","20":"product_tag-jarron-propagacion","21":"product_tag-macetero","22":"product_tag-madera","23":"product_tag-oxido","24":"product_tag-plantas","26":"first","27":"instock","28":"taxable","29":"shipping-taxable","30":"purchasable","31":"product-type-variable"},"_links":{"self":[{"href":"https:\/\/woodahome.es\/en\/wp-json\/wp\/v2\/product\/1046","targetHints":{"allow":["GET"]}}],"collection":[{"href":"https:\/\/woodahome.es\/en\/wp-json\/wp\/v2\/product"}],"about":[{"href":"https:\/\/woodahome.es\/en\/wp-json\/wp\/v2\/types\/product"}],"replies":[{"embeddable":true,"href":"https:\/\/woodahome.es\/en\/wp-json\/wp\/v2\/comments?post=1046"}],"wp:featuredmedia":[{"embeddable":true,"href":"https:\/\/woodahome.es\/en\/wp-json\/wp\/v2\/media\/1397"}],"wp:attachment":[{"href":"https:\/\/woodahome.es\/en\/wp-json\/wp\/v2\/media?parent=1046"}],"wp:term":[{"taxonomy":"product_brand","embeddable":true,"href":"https:\/\/woodahome.es\/en\/wp-json\/wp\/v2\/product_brand?post=1046"},{"taxonomy":"product_cat","embeddable":true,"href":"https:\/\/woodahome.es\/en\/wp-json\/wp\/v2\/product_cat?post=1046"},{"taxonomy":"product_tag","embeddable":true,"href":"https:\/\/woodahome.es\/en\/wp-json\/wp\/v2\/product_tag?post=1046"}],"curies":[{"name":"wp","href":"https:\/\/api.w.org\/{rel}","templated":true}]}}