{"id":1241,"date":"2025-06-27T10:23:45","date_gmt":"2025-06-27T09:23:45","guid":{"rendered":"https:\/\/woodahome.es\/producto\/set-de-2-hexagonos-color-nuez-y-negro\/"},"modified":"2025-06-27T10:23:49","modified_gmt":"2025-06-27T09:23:49","slug":"set-de-2-hexagonos-color-nuez-y-negro","status":"publish","type":"product","link":"https:\/\/woodahome.es\/en\/product\/set-de-2-hexagonos-color-nuez-y-negro\/","title":{"rendered":"Set de 2 hex\u00e1gonos color nuez y negro"},"content":{"rendered":"<p>\u00a0<\/p>\n<p data-mce-fragment=\"1\">Set de\u00a02 Maceteros hexagonales decorativos para pared. <\/p>\n<p data-mce-fragment=\"1\">Fabricados en madera de pino envejecida en color nuez.<\/p>\n<p data-mce-fragment=\"1\">Los jarrones son de cristal para que puedas colocar tanto tus plantas secas como frescas si quieres a\u00f1adirle agua.<\/p>\n<p data-mce-fragment=\"1\">\u00c9stos soportes para las plantas van unido a los hex\u00e1gonos por imanes, que aparte de su bonito dise\u00f1o, facilitan el cambio del agua y las plantas\u00a0 con facilidad.<\/p>\n<p data-mce-fragment=\"1\">En la parte trasera lleva un soporte dentado para colgar en la pared.<\/p>\n<p data-mce-fragment=\"1\">Puedes escoger la opci\u00f3n con plantas o sin plantas. \u00c9stas plantas son preservadas, no necesitan mantenimiento. Se conservan con aspecto fresco sin necesidad de luz ni agua.<\/p>\n<p data-mce-fragment=\"1\">La medida de los hex\u00e1gonos son\u00a0 de 29 cm de alto x 25 cm de ancho.<\/p>","protected":false},"excerpt":{"rendered":"<p>\u00a0 Set de\u00a02 Maceteros hexagonales decorativos para pared. Fabricados en madera de pino envejecida en color nuez. Los jarrones son de cristal para que puedas colocar tanto tus plantas secas como frescas si quieres a\u00f1adirle agua. \u00c9stos soportes para las plantas van unido a los hex\u00e1gonos por imanes, que aparte de su bonito dise\u00f1o, facilitan [&hellip;]<\/p>\n","protected":false},"featured_media":1464,"comment_status":"open","ping_status":"closed","template":"","meta":{"_joinchat":[]},"product_brand":[],"product_cat":[82],"product_tag":[38,40,42,43,45,61,62,46,63,47,67,68,48,50,53,54,55,57,70],"class_list":{"0":"post-1241","1":"product","2":"type-product","3":"status-publish","4":"has-post-thumbnail","6":"product_cat-hexagonos-de-madera","7":"product_tag-decoracion","8":"product_tag-decoracion-interior","9":"product_tag-decoracion-pared","10":"product_tag-diseno-interior","11":"product_tag-estilo-nordico","12":"product_tag-hexagono","13":"product_tag-hexagonos","14":"product_tag-hogar","15":"product_tag-imanes","16":"product_tag-jardines-verticales","17":"product_tag-jarron-plantas","18":"product_tag-jarron-propagacion","19":"product_tag-macetero","20":"product_tag-madera","21":"product_tag-plantas","22":"product_tag-plantas-de-interior","23":"product_tag-plantas-secas","24":"product_tag-set-de-2","25":"product_tag-soporte-cristal-plantas","27":"first","28":"instock","29":"taxable","30":"shipping-taxable","31":"purchasable","32":"product-type-variable"},"_links":{"self":[{"href":"https:\/\/woodahome.es\/en\/wp-json\/wp\/v2\/product\/1241","targetHints":{"allow":["GET"]}}],"collection":[{"href":"https:\/\/woodahome.es\/en\/wp-json\/wp\/v2\/product"}],"about":[{"href":"https:\/\/woodahome.es\/en\/wp-json\/wp\/v2\/types\/product"}],"replies":[{"embeddable":true,"href":"https:\/\/woodahome.es\/en\/wp-json\/wp\/v2\/comments?post=1241"}],"wp:featuredmedia":[{"embeddable":true,"href":"https:\/\/woodahome.es\/en\/wp-json\/wp\/v2\/media\/1464"}],"wp:attachment":[{"href":"https:\/\/woodahome.es\/en\/wp-json\/wp\/v2\/media?parent=1241"}],"wp:term":[{"taxonomy":"product_brand","embeddable":true,"href":"https:\/\/woodahome.es\/en\/wp-json\/wp\/v2\/product_brand?post=1241"},{"taxonomy":"product_cat","embeddable":true,"href":"https:\/\/woodahome.es\/en\/wp-json\/wp\/v2\/product_cat?post=1241"},{"taxonomy":"product_tag","embeddable":true,"href":"https:\/\/woodahome.es\/en\/wp-json\/wp\/v2\/product_tag?post=1241"}],"curies":[{"name":"wp","href":"https:\/\/api.w.org\/{rel}","templated":true}]}}