{"id":1244,"date":"2025-06-27T10:23:47","date_gmt":"2025-06-27T09:23:47","guid":{"rendered":"https:\/\/woodahome.es\/producto\/set-de-2-hexagonos-madera-blanca-y-natural\/"},"modified":"2025-06-27T10:23:49","modified_gmt":"2025-06-27T09:23:49","slug":"set-de-2-hexagonos-madera-blanca-y-natural","status":"publish","type":"product","link":"https:\/\/woodahome.es\/en\/product\/set-de-2-hexagonos-madera-blanca-y-natural\/","title":{"rendered":"Set de 2 Hex\u00e1gonos Madera Blanca y Natural"},"content":{"rendered":"<p data-mce-fragment=\"1\">Set de 2 Hex\u00e1gonos decorativos en blanco. Completamente hecho a mano, estas piezas son de madera de contrachapado de chopo y pintados a mano manualmente con pintura acr\u00edlica respetuosa con el medio ambiente.<\/p>\n<p data-mce-fragment=\"1\">Los jarrones son de cristal para que puedas colocar tanto tus plantas secas como frescas si quieres a\u00f1adirle agua.<\/p>\n<p data-mce-fragment=\"1\">Este soporte va unido al hex\u00e1gono por imanes, que aparte de su bonito dise\u00f1o, facilitan el cambio del agua y las plantas.<\/p>\n<p data-mce-fragment=\"1\">En la parte trasera lleva un soporte para colgar en la pared.<\/p>\n<p data-mce-fragment=\"1\">Puedes escoger la opci\u00f3n con plantas o sin plantas. \u00c9stas plantas son helechos preservados, no necesitan mantenimiento. Se conservan con aspecto fresco sin necesidad de luz ni agua.<\/p>\n<p data-mce-fragment=\"1\">La medida de los hex\u00e1gonos son del peque\u00f1o de 26 cm x 29 cm. Y uno un poco m\u00e1s grande de 29 cm x 33 cm.<\/p>","protected":false},"excerpt":{"rendered":"<p>Set de 2 Hex\u00e1gonos decorativos en blanco. Completamente hecho a mano, estas piezas son de madera de contrachapado de chopo y pintados a mano manualmente con pintura acr\u00edlica respetuosa con el medio ambiente. Los jarrones son de cristal para que puedas colocar tanto tus plantas secas como frescas si quieres a\u00f1adirle agua. Este soporte va [&hellip;]<\/p>\n","protected":false},"featured_media":1469,"comment_status":"open","ping_status":"closed","template":"","meta":{"_joinchat":[]},"product_brand":[],"product_cat":[82],"product_tag":[38,40,41,42,43,45,61,62,46,63,47,67,68,48,50,53,54,55,57,70],"class_list":{"0":"post-1244","1":"product","2":"type-product","3":"status-publish","4":"has-post-thumbnail","6":"product_cat-hexagonos-de-madera","7":"product_tag-decoracion","8":"product_tag-decoracion-interior","9":"product_tag-decoracion-nordica","10":"product_tag-decoracion-pared","11":"product_tag-diseno-interior","12":"product_tag-estilo-nordico","13":"product_tag-hexagono","14":"product_tag-hexagonos","15":"product_tag-hogar","16":"product_tag-imanes","17":"product_tag-jardines-verticales","18":"product_tag-jarron-plantas","19":"product_tag-jarron-propagacion","20":"product_tag-macetero","21":"product_tag-madera","22":"product_tag-plantas","23":"product_tag-plantas-de-interior","24":"product_tag-plantas-secas","25":"product_tag-set-de-2","26":"product_tag-soporte-cristal-plantas","28":"first","29":"instock","30":"taxable","31":"shipping-taxable","32":"purchasable","33":"product-type-variable"},"_links":{"self":[{"href":"https:\/\/woodahome.es\/en\/wp-json\/wp\/v2\/product\/1244","targetHints":{"allow":["GET"]}}],"collection":[{"href":"https:\/\/woodahome.es\/en\/wp-json\/wp\/v2\/product"}],"about":[{"href":"https:\/\/woodahome.es\/en\/wp-json\/wp\/v2\/types\/product"}],"replies":[{"embeddable":true,"href":"https:\/\/woodahome.es\/en\/wp-json\/wp\/v2\/comments?post=1244"}],"wp:featuredmedia":[{"embeddable":true,"href":"https:\/\/woodahome.es\/en\/wp-json\/wp\/v2\/media\/1469"}],"wp:attachment":[{"href":"https:\/\/woodahome.es\/en\/wp-json\/wp\/v2\/media?parent=1244"}],"wp:term":[{"taxonomy":"product_brand","embeddable":true,"href":"https:\/\/woodahome.es\/en\/wp-json\/wp\/v2\/product_brand?post=1244"},{"taxonomy":"product_cat","embeddable":true,"href":"https:\/\/woodahome.es\/en\/wp-json\/wp\/v2\/product_cat?post=1244"},{"taxonomy":"product_tag","embeddable":true,"href":"https:\/\/woodahome.es\/en\/wp-json\/wp\/v2\/product_tag?post=1244"}],"curies":[{"name":"wp","href":"https:\/\/api.w.org\/{rel}","templated":true}]}}