{"id":1260,"date":"2025-06-27T10:24:00","date_gmt":"2025-06-27T09:24:00","guid":{"rendered":"https:\/\/woodahome.es\/producto\/set-de-3-hexagonos-en-madera-azul\/"},"modified":"2025-06-27T10:24:01","modified_gmt":"2025-06-27T09:24:01","slug":"set-de-3-hexagonos-en-madera-azul","status":"publish","type":"product","link":"https:\/\/woodahome.es\/en\/product\/set-de-3-hexagonos-en-madera-azul\/","title":{"rendered":"Set de 3 Hex\u00e1gonos en madera Azul"},"content":{"rendered":"<p>Set de 3 Hex\u00e1gonos. Completamente hecho a mano, estas piezas son de madera de contrachapado de chopo y pintados en negro manualmente con pintura acr\u00edlica\u00a0 respetuosa con el medio ambiente.<\/p>\n<p>Los jarrones son de cristal para que puedas colocar tanto tus plantas secas como frescas si quieres a\u00f1adirle agua.<\/p>\n<p>Este soporte va unido al hex\u00e1gono por imanes, que aparte de su bonito dise\u00f1o, facilitan el cambio del agua y las plantas.<\/p>\n<p>En la parte trasera lleva un soporte para colgar en la pared.<\/p>\n<p>Las medidas del hex\u00e1gono mayor son de 33 cm alto x 29 cm ancho. Las medidas del hex\u00e1gono peque\u00f1o son 28 cm alto x 25 cm ancho.<\/p>","protected":false},"excerpt":{"rendered":"<p>Set de 3 Hex\u00e1gonos. Completamente hecho a mano, estas piezas son de madera de contrachapado de chopo y pintados en negro manualmente con pintura acr\u00edlica\u00a0 respetuosa con el medio ambiente. Los jarrones son de cristal para que puedas colocar tanto tus plantas secas como frescas si quieres a\u00f1adirle agua. Este soporte va unido al hex\u00e1gono [&hellip;]<\/p>\n","protected":false},"featured_media":1488,"comment_status":"open","ping_status":"closed","template":"","meta":{"_joinchat":[]},"product_brand":[],"product_cat":[82],"product_tag":[38,40,41,42,43,45,61,62,46,47,67,68,48,50,58],"class_list":{"0":"post-1260","1":"product","2":"type-product","3":"status-publish","4":"has-post-thumbnail","6":"product_cat-hexagonos-de-madera","7":"product_tag-decoracion","8":"product_tag-decoracion-interior","9":"product_tag-decoracion-nordica","10":"product_tag-decoracion-pared","11":"product_tag-diseno-interior","12":"product_tag-estilo-nordico","13":"product_tag-hexagono","14":"product_tag-hexagonos","15":"product_tag-hogar","16":"product_tag-jardines-verticales","17":"product_tag-jarron-plantas","18":"product_tag-jarron-propagacion","19":"product_tag-macetero","20":"product_tag-madera","21":"product_tag-set-de-3","23":"first","24":"instock","25":"taxable","26":"shipping-taxable","27":"purchasable","28":"product-type-variable"},"_links":{"self":[{"href":"https:\/\/woodahome.es\/en\/wp-json\/wp\/v2\/product\/1260","targetHints":{"allow":["GET"]}}],"collection":[{"href":"https:\/\/woodahome.es\/en\/wp-json\/wp\/v2\/product"}],"about":[{"href":"https:\/\/woodahome.es\/en\/wp-json\/wp\/v2\/types\/product"}],"replies":[{"embeddable":true,"href":"https:\/\/woodahome.es\/en\/wp-json\/wp\/v2\/comments?post=1260"}],"wp:featuredmedia":[{"embeddable":true,"href":"https:\/\/woodahome.es\/en\/wp-json\/wp\/v2\/media\/1488"}],"wp:attachment":[{"href":"https:\/\/woodahome.es\/en\/wp-json\/wp\/v2\/media?parent=1260"}],"wp:term":[{"taxonomy":"product_brand","embeddable":true,"href":"https:\/\/woodahome.es\/en\/wp-json\/wp\/v2\/product_brand?post=1260"},{"taxonomy":"product_cat","embeddable":true,"href":"https:\/\/woodahome.es\/en\/wp-json\/wp\/v2\/product_cat?post=1260"},{"taxonomy":"product_tag","embeddable":true,"href":"https:\/\/woodahome.es\/en\/wp-json\/wp\/v2\/product_tag?post=1260"}],"curies":[{"name":"wp","href":"https:\/\/api.w.org\/{rel}","templated":true}]}}