{"id":1263,"date":"2025-06-27T10:24:04","date_gmt":"2025-06-27T09:24:04","guid":{"rendered":"https:\/\/woodahome.es\/producto\/set-de-3-hexagonos-madera-natural-y-verde\/"},"modified":"2025-06-27T10:24:10","modified_gmt":"2025-06-27T09:24:10","slug":"set-de-3-hexagonos-madera-natural-y-verde","status":"publish","type":"product","link":"https:\/\/woodahome.es\/en\/product\/set-de-3-hexagonos-madera-natural-y-verde\/","title":{"rendered":"Set de 3 Hex\u00e1gonos Madera Natural y Verde"},"content":{"rendered":"<p>Set de 3 Hex\u00e1gonos decorativos en madera natural y verde. Completamente hecho a mano, estas piezas est\u00e1n hechas con madera de contrachapado de chopo y pintados a mano manualmente con pintura acr\u00edlica respetuosa con el medio ambiente.<\/p>\n<p>Los jarrones son de cristal para que puedas colocar tanto tus plantas secas como frescas si quieres a\u00f1adirle agua.<\/p>\n<p>Este soporte va unido al hex\u00e1gono por imanes, que aparte de su bonito dise\u00f1o, facilitan el cambio del agua y las plantas.<\/p>\n<p>En la parte trasera lleva un soporte para colgar en la pared.<\/p>\n<p>Puedes escoger la opci\u00f3n con plantas o sin plantas. \u00c9stas plantas son helechos preservados y eucalipto, no necesitan mantenimiento. Se conservan con aspecto fresco sin necesidad de luz ni agua.<\/p>\n<p>La medida de los hex\u00e1gonos es de 29 cm alto x 25 cm de ancho los tres.<\/p>","protected":false},"excerpt":{"rendered":"<p>Set de 3 Hex\u00e1gonos decorativos en madera natural y verde. Completamente hecho a mano, estas piezas est\u00e1n hechas con madera de contrachapado de chopo y pintados a mano manualmente con pintura acr\u00edlica respetuosa con el medio ambiente. Los jarrones son de cristal para que puedas colocar tanto tus plantas secas como frescas si quieres a\u00f1adirle [&hellip;]<\/p>\n","protected":false},"featured_media":1491,"comment_status":"open","ping_status":"closed","template":"","meta":{"_joinchat":[]},"product_brand":[],"product_cat":[82],"product_tag":[38,40,41,42,43,61,62,46,47,48,50,53,54,58],"class_list":{"0":"post-1263","1":"product","2":"type-product","3":"status-publish","4":"has-post-thumbnail","6":"product_cat-hexagonos-de-madera","7":"product_tag-decoracion","8":"product_tag-decoracion-interior","9":"product_tag-decoracion-nordica","10":"product_tag-decoracion-pared","11":"product_tag-diseno-interior","12":"product_tag-hexagono","13":"product_tag-hexagonos","14":"product_tag-hogar","15":"product_tag-jardines-verticales","16":"product_tag-macetero","17":"product_tag-madera","18":"product_tag-plantas","19":"product_tag-plantas-de-interior","20":"product_tag-set-de-3","22":"first","23":"instock","24":"taxable","25":"shipping-taxable","26":"purchasable","27":"product-type-variable"},"_links":{"self":[{"href":"https:\/\/woodahome.es\/en\/wp-json\/wp\/v2\/product\/1263","targetHints":{"allow":["GET"]}}],"collection":[{"href":"https:\/\/woodahome.es\/en\/wp-json\/wp\/v2\/product"}],"about":[{"href":"https:\/\/woodahome.es\/en\/wp-json\/wp\/v2\/types\/product"}],"replies":[{"embeddable":true,"href":"https:\/\/woodahome.es\/en\/wp-json\/wp\/v2\/comments?post=1263"}],"wp:featuredmedia":[{"embeddable":true,"href":"https:\/\/woodahome.es\/en\/wp-json\/wp\/v2\/media\/1491"}],"wp:attachment":[{"href":"https:\/\/woodahome.es\/en\/wp-json\/wp\/v2\/media?parent=1263"}],"wp:term":[{"taxonomy":"product_brand","embeddable":true,"href":"https:\/\/woodahome.es\/en\/wp-json\/wp\/v2\/product_brand?post=1263"},{"taxonomy":"product_cat","embeddable":true,"href":"https:\/\/woodahome.es\/en\/wp-json\/wp\/v2\/product_cat?post=1263"},{"taxonomy":"product_tag","embeddable":true,"href":"https:\/\/woodahome.es\/en\/wp-json\/wp\/v2\/product_tag?post=1263"}],"curies":[{"name":"wp","href":"https:\/\/api.w.org\/{rel}","templated":true}]}}