{"id":1272,"date":"2025-06-27T10:24:08","date_gmt":"2025-06-27T09:24:08","guid":{"rendered":"https:\/\/woodahome.es\/producto\/set-de-3-hexagonos-rusticos\/"},"modified":"2025-06-27T10:24:10","modified_gmt":"2025-06-27T09:24:10","slug":"set-de-3-hexagonos-rusticos","status":"publish","type":"product","link":"https:\/\/woodahome.es\/en\/product\/set-de-3-hexagonos-rusticos\/","title":{"rendered":"Set de 3 Hex\u00e1gonos R\u00fasticos"},"content":{"rendered":"<p>Set de 3 Hex\u00e1gonos decorativos en madera r\u00fastica. Completamente hecho a mano, estas piezas son de madera de\u00a0pino y\u00a0te\u00f1idos con tinte al agua\u00a0respetuosa con el medio ambiente.<\/p>\n<p>Los jarrones son de cristal para que puedas colocar tanto tus plantas secas como frescas si quieres a\u00f1adirle agua.<\/p>\n<p>Este soporte va unido al hex\u00e1gono por imanes, que aparte de su bonito dise\u00f1o, facilitan el cambio del agua y las plantas.<\/p>\n<p>En la parte trasera lleva un soporte para colgar en la pared.<\/p>\n<p>Puedes escoger la opci\u00f3n con plantas o sin plantas. \u00c9stas plantas son helechos preservados, no necesitan mantenimiento. Se conservan con aspecto fresco sin necesidad de luz ni agua.<\/p>","protected":false},"excerpt":{"rendered":"<p>Set de 3 Hex\u00e1gonos decorativos en madera r\u00fastica. Completamente hecho a mano, estas piezas son de madera de\u00a0pino y\u00a0te\u00f1idos con tinte al agua\u00a0respetuosa con el medio ambiente. Los jarrones son de cristal para que puedas colocar tanto tus plantas secas como frescas si quieres a\u00f1adirle agua. Este soporte va unido al hex\u00e1gono por imanes, que [&hellip;]<\/p>\n","protected":false},"featured_media":1501,"comment_status":"open","ping_status":"closed","template":"","meta":{"_joinchat":[]},"product_brand":[],"product_cat":[82],"product_tag":[38,40,41,43,44,45,61,62,46,63,47,67,68,48,50,51,53,54,55,58,70],"class_list":{"0":"post-1272","1":"product","2":"type-product","3":"status-publish","4":"has-post-thumbnail","6":"product_cat-hexagonos-de-madera","7":"product_tag-decoracion","8":"product_tag-decoracion-interior","9":"product_tag-decoracion-nordica","10":"product_tag-diseno-interior","11":"product_tag-estilo-escandinavo","12":"product_tag-estilo-nordico","13":"product_tag-hexagono","14":"product_tag-hexagonos","15":"product_tag-hogar","16":"product_tag-imanes","17":"product_tag-jardines-verticales","18":"product_tag-jarron-plantas","19":"product_tag-jarron-propagacion","20":"product_tag-macetero","21":"product_tag-madera","22":"product_tag-madera-rustica","23":"product_tag-plantas","24":"product_tag-plantas-de-interior","25":"product_tag-plantas-secas","26":"product_tag-set-de-3","27":"product_tag-soporte-cristal-plantas","29":"first","30":"instock","31":"taxable","32":"shipping-taxable","33":"purchasable","34":"product-type-variable"},"_links":{"self":[{"href":"https:\/\/woodahome.es\/en\/wp-json\/wp\/v2\/product\/1272","targetHints":{"allow":["GET"]}}],"collection":[{"href":"https:\/\/woodahome.es\/en\/wp-json\/wp\/v2\/product"}],"about":[{"href":"https:\/\/woodahome.es\/en\/wp-json\/wp\/v2\/types\/product"}],"replies":[{"embeddable":true,"href":"https:\/\/woodahome.es\/en\/wp-json\/wp\/v2\/comments?post=1272"}],"wp:featuredmedia":[{"embeddable":true,"href":"https:\/\/woodahome.es\/en\/wp-json\/wp\/v2\/media\/1501"}],"wp:attachment":[{"href":"https:\/\/woodahome.es\/en\/wp-json\/wp\/v2\/media?parent=1272"}],"wp:term":[{"taxonomy":"product_brand","embeddable":true,"href":"https:\/\/woodahome.es\/en\/wp-json\/wp\/v2\/product_brand?post=1272"},{"taxonomy":"product_cat","embeddable":true,"href":"https:\/\/woodahome.es\/en\/wp-json\/wp\/v2\/product_cat?post=1272"},{"taxonomy":"product_tag","embeddable":true,"href":"https:\/\/woodahome.es\/en\/wp-json\/wp\/v2\/product_tag?post=1272"}],"curies":[{"name":"wp","href":"https:\/\/api.w.org\/{rel}","templated":true}]}}