{"id":1281,"date":"2025-06-27T10:24:14","date_gmt":"2025-06-27T09:24:14","guid":{"rendered":"https:\/\/woodahome.es\/producto\/set-de-5-hexagonos-blancos\/"},"modified":"2025-06-27T10:24:19","modified_gmt":"2025-06-27T09:24:19","slug":"set-de-5-hexagonos-blancos","status":"publish","type":"product","link":"https:\/\/woodahome.es\/en\/product\/set-de-5-hexagonos-blancos\/","title":{"rendered":"Set de 5 Hex\u00e1gonos Blancos"},"content":{"rendered":"<p><meta charset=\"utf-8\"><\/p>\n<p data-mce-fragment=\"1\">Set de\u00a05 Hex\u00e1gonos decorativos en blanco. Completamente hecho a mano, estas piezas son de madera de contrachapado de\u00a0pino y pintados en\u00a0blanco manualmente con pintura acr\u00edlica\u00a0respetuosa con el medio ambiente.<\/p>\n<p data-mce-fragment=\"1\">Los jarrones son de cristal para que puedas colocar tanto tus plantas secas como frescas si quieres a\u00f1adirle agua.<\/p>\n<p data-mce-fragment=\"1\">\u00c9ste soporte va unido al hex\u00e1gono por imanes, que aparte de su bonito dise\u00f1o, facilitan el cambio del agua y las plantas.<\/p>\n<p data-mce-fragment=\"1\">En la parte trasera lleva un soporte para colgar en la pared.<\/p>","protected":false},"excerpt":{"rendered":"<p>Set de\u00a05 Hex\u00e1gonos decorativos en blanco. Completamente hecho a mano, estas piezas son de madera de contrachapado de\u00a0pino y pintados en\u00a0blanco manualmente con pintura acr\u00edlica\u00a0respetuosa con el medio ambiente. Los jarrones son de cristal para que puedas colocar tanto tus plantas secas como frescas si quieres a\u00f1adirle agua. \u00c9ste soporte va unido al hex\u00e1gono por [&hellip;]<\/p>\n","protected":false},"featured_media":1511,"comment_status":"open","ping_status":"closed","template":"","meta":{"_joinchat":[]},"product_brand":[],"product_cat":[82],"product_tag":[61,64],"class_list":{"0":"post-1281","1":"product","2":"type-product","3":"status-publish","4":"has-post-thumbnail","6":"product_cat-hexagonos-de-madera","7":"product_tag-hexagono","8":"product_tag-set-de-5","10":"first","11":"instock","12":"taxable","13":"shipping-taxable","14":"purchasable","15":"product-type-variable"},"_links":{"self":[{"href":"https:\/\/woodahome.es\/en\/wp-json\/wp\/v2\/product\/1281","targetHints":{"allow":["GET"]}}],"collection":[{"href":"https:\/\/woodahome.es\/en\/wp-json\/wp\/v2\/product"}],"about":[{"href":"https:\/\/woodahome.es\/en\/wp-json\/wp\/v2\/types\/product"}],"replies":[{"embeddable":true,"href":"https:\/\/woodahome.es\/en\/wp-json\/wp\/v2\/comments?post=1281"}],"wp:featuredmedia":[{"embeddable":true,"href":"https:\/\/woodahome.es\/en\/wp-json\/wp\/v2\/media\/1511"}],"wp:attachment":[{"href":"https:\/\/woodahome.es\/en\/wp-json\/wp\/v2\/media?parent=1281"}],"wp:term":[{"taxonomy":"product_brand","embeddable":true,"href":"https:\/\/woodahome.es\/en\/wp-json\/wp\/v2\/product_brand?post=1281"},{"taxonomy":"product_cat","embeddable":true,"href":"https:\/\/woodahome.es\/en\/wp-json\/wp\/v2\/product_cat?post=1281"},{"taxonomy":"product_tag","embeddable":true,"href":"https:\/\/woodahome.es\/en\/wp-json\/wp\/v2\/product_tag?post=1281"}],"curies":[{"name":"wp","href":"https:\/\/api.w.org\/{rel}","templated":true}]}}