{"id":1287,"date":"2025-06-27T10:24:17","date_gmt":"2025-06-27T09:24:17","guid":{"rendered":"https:\/\/woodahome.es\/producto\/set-de-5-hexagonos-red-wood\/"},"modified":"2025-06-27T10:24:19","modified_gmt":"2025-06-27T09:24:19","slug":"set-de-5-hexagonos-red-wood","status":"publish","type":"product","link":"https:\/\/woodahome.es\/en\/product\/set-de-5-hexagonos-red-wood\/","title":{"rendered":"Set de 5 Hex\u00e1gonos Red wood"},"content":{"rendered":"<p>Estas piezas son de madera de pino natural, tratadas con tintes al agua para que adquieran ese color rojizo y est\u00e1n completamente realizadas a mano.\u00a0<\/p>\n<p>Los jarrones son de cristal para que puedas colocar tanto tus plantas secas como\u00a0frescas si quieres a\u00f1adirle agua.<\/p>\n<p>Este soporte va unido al hex\u00e1gono por imanes, que aparte de su bonito dise\u00f1o,\u00a0facilitan el cambio del agua y las plantas. En la parte trasera lleva un soporte dentado para colgar en la pared f\u00e1cilmente.<\/p>\n<p>Las medidas del hex\u00e1gono m\u00e1s grande son 33 x 28,5 cm. Las medidas de los<br \/>hex\u00e1gonos m\u00e1s peque\u00f1os son 26,5 x 23,5 cm.<br \/>Hay 1 hex\u00e1gono grande y 4 hex\u00e1gonos peque\u00f1os.<\/p>\n<p>El jarr\u00f3n para las plantas es de cristal. Tiene un sistema de im\u00e1n, por lo que\u00a0puedes quitarlo, cambiar las plantas y unir las piezas sin esfuerzo.<\/p>\n<p>Puedes adquirirlo con plantas o sin plantas.<br \/>Aunque elijas la opci\u00f3n SIN PLANTAS, el set tambi\u00e9n incluye los 3 soportes\u00a0de madera con imanes para las plantas.<br \/>As\u00ed podr\u00e1s colocar tus propias plantas e incluso llenarlas de agua y colocar\u00a0plantas frescas.<\/p>\n<p>\u00a0<\/p>\n<p><!----><\/p>","protected":false},"excerpt":{"rendered":"<p>Estas piezas son de madera de pino natural, tratadas con tintes al agua para que adquieran ese color rojizo y est\u00e1n completamente realizadas a mano.\u00a0 Los jarrones son de cristal para que puedas colocar tanto tus plantas secas como\u00a0frescas si quieres a\u00f1adirle agua. Este soporte va unido al hex\u00e1gono por imanes, que aparte de su [&hellip;]<\/p>\n","protected":false},"featured_media":1520,"comment_status":"open","ping_status":"closed","template":"","meta":{"_joinchat":[]},"product_brand":[],"product_cat":[82],"product_tag":[38,59,39,40,42,43,60,61,62,63,50,51,53,64],"class_list":{"0":"post-1287","1":"product","2":"type-product","3":"status-publish","4":"has-post-thumbnail","6":"product_cat-hexagonos-de-madera","7":"product_tag-decoracion","8":"product_tag-decoracion-elegante","9":"product_tag-decoracion-en-madera","10":"product_tag-decoracion-interior","11":"product_tag-decoracion-pared","12":"product_tag-diseno-interior","13":"product_tag-diseno-original","14":"product_tag-hexagono","15":"product_tag-hexagonos","16":"product_tag-imanes","17":"product_tag-madera","18":"product_tag-madera-rustica","19":"product_tag-plantas","20":"product_tag-set-de-5","22":"first","23":"instock","24":"taxable","25":"shipping-taxable","26":"purchasable","27":"product-type-variable"},"_links":{"self":[{"href":"https:\/\/woodahome.es\/en\/wp-json\/wp\/v2\/product\/1287","targetHints":{"allow":["GET"]}}],"collection":[{"href":"https:\/\/woodahome.es\/en\/wp-json\/wp\/v2\/product"}],"about":[{"href":"https:\/\/woodahome.es\/en\/wp-json\/wp\/v2\/types\/product"}],"replies":[{"embeddable":true,"href":"https:\/\/woodahome.es\/en\/wp-json\/wp\/v2\/comments?post=1287"}],"wp:featuredmedia":[{"embeddable":true,"href":"https:\/\/woodahome.es\/en\/wp-json\/wp\/v2\/media\/1520"}],"wp:attachment":[{"href":"https:\/\/woodahome.es\/en\/wp-json\/wp\/v2\/media?parent=1287"}],"wp:term":[{"taxonomy":"product_brand","embeddable":true,"href":"https:\/\/woodahome.es\/en\/wp-json\/wp\/v2\/product_brand?post=1287"},{"taxonomy":"product_cat","embeddable":true,"href":"https:\/\/woodahome.es\/en\/wp-json\/wp\/v2\/product_cat?post=1287"},{"taxonomy":"product_tag","embeddable":true,"href":"https:\/\/woodahome.es\/en\/wp-json\/wp\/v2\/product_tag?post=1287"}],"curies":[{"name":"wp","href":"https:\/\/api.w.org\/{rel}","templated":true}]}}