{"id":1293,"date":"2025-06-27T10:24:21","date_gmt":"2025-06-27T09:24:21","guid":{"rendered":"https:\/\/woodahome.es\/producto\/set-de-7-hexagonos-rusticos\/"},"modified":"2025-06-27T10:24:23","modified_gmt":"2025-06-27T09:24:23","slug":"set-de-7-hexagonos-rusticos","status":"publish","type":"product","link":"https:\/\/woodahome.es\/en\/product\/set-de-7-hexagonos-rusticos\/","title":{"rendered":"Set de 7 Hex\u00e1gonos r\u00fasticos"},"content":{"rendered":"<p>Set de 7 hex\u00e1gonos decorativos en madera r\u00fastica de pino.<\/p>\n<p>Totalmente realizadas a mano, estas piezas est\u00e1n hechas de madera de pino te\u00f1ida manualmente con tintes ecol\u00f3gicos a base de agua.\u00a0 \u00a0 \u00a0 \u00a0 \u00a0 \u00a0 \u00a0 \u00a0 \u00a0 \u00a0 \u00a0 \u00a0 \u00a0 \u00a0 \u00a0 \u00a0 \u00a0 \u00a0 \u00a0 \u00a0 \u00a0 \u00a0 \u00a0 \u00a0 \u00a0 \u00a0 \u00a0 \u00a0 \u00a0 Este set se compone de 7 piezas: tres grandes y cuatro peque\u00f1as.<\/p>\n<p>Las medidas del hex\u00e1gono m\u00e1s grande son 32 x 28 cm. Las medidas de los hex\u00e1gonos m\u00e1s peque\u00f1os son 26,5 x 23,5 cm.<\/p>\n<p>Los jarrones son de cristal para que puedas colocar tanto tus plantas secas como frescas si quieres a\u00f1adir agua. Este soporte se sujeta al hex\u00e1gono mediante imanes, que aparte de su bonito dise\u00f1o, facilitan el cambio de agua y plantas. En la parte trasera lleva un soporte para colgar en la pared.<\/p>\n<p><!----><\/p>","protected":false},"excerpt":{"rendered":"<p>Set de 7 hex\u00e1gonos decorativos en madera r\u00fastica de pino. Totalmente realizadas a mano, estas piezas est\u00e1n hechas de madera de pino te\u00f1ida manualmente con tintes ecol\u00f3gicos a base de agua.\u00a0 \u00a0 \u00a0 \u00a0 \u00a0 \u00a0 \u00a0 \u00a0 \u00a0 \u00a0 \u00a0 \u00a0 \u00a0 \u00a0 \u00a0 \u00a0 \u00a0 \u00a0 \u00a0 \u00a0 \u00a0 \u00a0 \u00a0 \u00a0 \u00a0 [&hellip;]<\/p>\n","protected":false},"featured_media":1530,"comment_status":"open","ping_status":"closed","template":"","meta":{"_joinchat":[]},"product_brand":[],"product_cat":[82],"product_tag":[38,59,39,40,41,42,43,60,44,45,74,61,62,46,49,50,51,52,53,54,55],"class_list":{"0":"post-1293","1":"product","2":"type-product","3":"status-publish","4":"has-post-thumbnail","6":"product_cat-hexagonos-de-madera","7":"product_tag-decoracion","8":"product_tag-decoracion-elegante","9":"product_tag-decoracion-en-madera","10":"product_tag-decoracion-interior","11":"product_tag-decoracion-nordica","12":"product_tag-decoracion-pared","13":"product_tag-diseno-interior","14":"product_tag-diseno-original","15":"product_tag-estilo-escandinavo","16":"product_tag-estilo-nordico","17":"product_tag-flores-secas","18":"product_tag-hexagono","19":"product_tag-hexagonos","20":"product_tag-hogar","21":"product_tag-macetero-colgante","22":"product_tag-madera","23":"product_tag-madera-rustica","24":"product_tag-original","25":"product_tag-plantas","26":"product_tag-plantas-de-interior","27":"product_tag-plantas-secas","29":"first","30":"instock","31":"taxable","32":"shipping-taxable","33":"purchasable","34":"product-type-simple"},"_links":{"self":[{"href":"https:\/\/woodahome.es\/en\/wp-json\/wp\/v2\/product\/1293","targetHints":{"allow":["GET"]}}],"collection":[{"href":"https:\/\/woodahome.es\/en\/wp-json\/wp\/v2\/product"}],"about":[{"href":"https:\/\/woodahome.es\/en\/wp-json\/wp\/v2\/types\/product"}],"replies":[{"embeddable":true,"href":"https:\/\/woodahome.es\/en\/wp-json\/wp\/v2\/comments?post=1293"}],"wp:featuredmedia":[{"embeddable":true,"href":"https:\/\/woodahome.es\/en\/wp-json\/wp\/v2\/media\/1530"}],"wp:attachment":[{"href":"https:\/\/woodahome.es\/en\/wp-json\/wp\/v2\/media?parent=1293"}],"wp:term":[{"taxonomy":"product_brand","embeddable":true,"href":"https:\/\/woodahome.es\/en\/wp-json\/wp\/v2\/product_brand?post=1293"},{"taxonomy":"product_cat","embeddable":true,"href":"https:\/\/woodahome.es\/en\/wp-json\/wp\/v2\/product_cat?post=1293"},{"taxonomy":"product_tag","embeddable":true,"href":"https:\/\/woodahome.es\/en\/wp-json\/wp\/v2\/product_tag?post=1293"}],"curies":[{"name":"wp","href":"https:\/\/api.w.org\/{rel}","templated":true}]}}