{"id":1294,"date":"2025-06-27T10:24:23","date_gmt":"2025-06-27T09:24:23","guid":{"rendered":"https:\/\/woodahome.es\/producto\/set-de-dos-marcos-medianos-para-pared\/"},"modified":"2025-06-27T10:24:28","modified_gmt":"2025-06-27T09:24:28","slug":"set-de-dos-marcos-medianos-para-pared","status":"publish","type":"product","link":"https:\/\/woodahome.es\/en\/product\/set-de-dos-marcos-medianos-para-pared\/","title":{"rendered":"Set de dos marcos medianos para pared"},"content":{"rendered":"<div class=\"lRu31\"><span lang=\"es\" class=\"HwtZe\" jsaction=\"mouseup:Sxi9L,BR6jm; mousedown:qjlr0e\" jsname=\"jqKxS\"><span class=\"jCAhz ChMk0b\" jsaction=\"agoMJf:PFBcW;MZfLnc:P7O7bd;nt4Alf:pvnm0e,pfE8Hb,PFBcW;B01qod:dJXsye;H1e5u:iXtTIf;lYIUJf:hij5Wb;bmeZHc:iURhpf;Oxj3Xe:qAKMYb,yaf12d\" jsname=\"txFAF\" jscontroller=\"Gn4SMb\"><span class=\"ryNqvb\" jsaction=\"click:E6Tfl,GFf3ac,tMZCfe; contextmenu:Nqw7Te,QP7LD; mouseout:Nqw7Te; mouseover:E6Tfl,c2aHje\" jsname=\"W297wb\">Pieza realizada con madera de pino envejecida cuidadosamente rellena de musgo preservado.<\/span><\/span> <\/span><\/div>\n<div class=\"lRu31\">\n<span lang=\"es\" class=\"HwtZe\" jsaction=\"mouseup:Sxi9L,BR6jm; mousedown:qjlr0e\" jsname=\"jqKxS\"><span class=\"jCAhz ChMk0b\" jsaction=\"agoMJf:PFBcW;MZfLnc:P7O7bd;nt4Alf:pvnm0e,pfE8Hb,PFBcW;B01qod:dJXsye;H1e5u:iXtTIf;lYIUJf:hij5Wb;bmeZHc:iURhpf;Oxj3Xe:qAKMYb,yaf12d\" jsname=\"txFAF\" jscontroller=\"Gn4SMb\"><span class=\"ryNqvb\" jsaction=\"click:E6Tfl,GFf3ac,tMZCfe; contextmenu:Nqw7Te,QP7LD; mouseout:Nqw7Te; mouseover:E6Tfl,c2aHje\" jsname=\"W297wb\"><\/span><\/span><\/span>\n<\/div>\n<div class=\"lRu31\"><span lang=\"es\" class=\"HwtZe\" jsaction=\"mouseup:Sxi9L,BR6jm; mousedown:qjlr0e\" jsname=\"jqKxS\"><span class=\"jCAhz ChMk0b\" jsaction=\"agoMJf:PFBcW;MZfLnc:P7O7bd;nt4Alf:pvnm0e,pfE8Hb,PFBcW;B01qod:dJXsye;H1e5u:iXtTIf;lYIUJf:hij5Wb;bmeZHc:iURhpf;Oxj3Xe:qAKMYb,yaf12d\" jsname=\"txFAF\" jscontroller=\"Gn4SMb\"><span class=\"ryNqvb\" jsaction=\"click:E6Tfl,GFf3ac,tMZCfe; contextmenu:Nqw7Te,QP7LD; mouseout:Nqw7Te; mouseover:E6Tfl,c2aHje\" jsname=\"W297wb\">Al ser preservado, no necesita ning\u00fan tipo de mantenimiento ni manteniendo.<\/span><\/span><\/span><\/div>\n<div class=\"lRu31\"><span lang=\"es\" class=\"HwtZe\" jsaction=\"mouseup:Sxi9L,BR6jm; mousedown:qjlr0e\" jsname=\"jqKxS\"><span class=\"jCAhz ChMk0b\" jsaction=\"agoMJf:PFBcW;MZfLnc:P7O7bd;nt4Alf:pvnm0e,pfE8Hb,PFBcW;B01qod:dJXsye;H1e5u:iXtTIf;lYIUJf:hij5Wb;bmeZHc:iURhpf;Oxj3Xe:qAKMYb,yaf12d\" jsname=\"txFAF\" jscontroller=\"Gn4SMb\"><span class=\"ryNqvb\" jsaction=\"click:E6Tfl,GFf3ac,tMZCfe; contextmenu:Nqw7Te,QP7LD; mouseout:Nqw7Te; mouseover:E6Tfl,c2aHje\" jsname=\"W297wb\">Su color y textura permanecer\u00e1n frescos para siempre.<\/span><\/span><span class=\"jCAhz\" jsaction=\"agoMJf:PFBcW;MZfLnc:P7O7bd;nt4Alf:pvnm0e,pfE8Hb,PFBcW;B01qod:dJXsye;H1e5u:iXtTIf;lYIUJf:hij5Wb;bmeZHc:iURhpf;Oxj3Xe:qAKMYb,yaf12d\" jsname=\"txFAF\" jscontroller=\"Gn4SMb\"><span class=\"ryNqvb\" jsaction=\"click:E6Tfl,GFf3ac,tMZCfe; contextmenu:Nqw7Te,QP7LD; mouseout:Nqw7Te; mouseover:E6Tfl,c2aHje\" jsname=\"W297wb\"> <\/span><\/span><span class=\"jCAhz ChMk0b\" jsaction=\"agoMJf:PFBcW;MZfLnc:P7O7bd;nt4Alf:pvnm0e,pfE8Hb,PFBcW;B01qod:dJXsye;H1e5u:iXtTIf;lYIUJf:hij5Wb;bmeZHc:iURhpf;Oxj3Xe:qAKMYb,yaf12d\" jsname=\"txFAF\" jscontroller=\"Gn4SMb\"><span class=\"ryNqvb\" jsaction=\"click:E6Tfl,GFf3ac,tMZCfe; contextmenu:Nqw7Te,QP7LD; mouseout:Nqw7Te; mouseover:E6Tfl,c2aHje\" jsname=\"W297wb\">Tampoco es necesario que tenga luz para su conservaci\u00f3n.<\/span><\/span><\/span><\/div>\n<div class=\"lRu31\">\n<span lang=\"es\" class=\"HwtZe\" jsaction=\"mouseup:Sxi9L,BR6jm; mousedown:qjlr0e\" jsname=\"jqKxS\"><span class=\"jCAhz ChMk0b\" jsaction=\"agoMJf:PFBcW;MZfLnc:P7O7bd;nt4Alf:pvnm0e,pfE8Hb,PFBcW;B01qod:dJXsye;H1e5u:iXtTIf;lYIUJf:hij5Wb;bmeZHc:iURhpf;Oxj3Xe:qAKMYb,yaf12d\" jsname=\"txFAF\" jscontroller=\"Gn4SMb\"><span class=\"ryNqvb\" jsaction=\"click:E6Tfl,GFf3ac,tMZCfe; contextmenu:Nqw7Te,QP7LD; mouseout:Nqw7Te; mouseover:E6Tfl,c2aHje\" jsname=\"W297wb\">Una forma muy c\u00f3moda de decorar con vegetaci\u00f3n sin tener que preocuparnos por sus cuidados.<\/span><\/span><span class=\"jCAhz\" jsaction=\"agoMJf:PFBcW;MZfLnc:P7O7bd;nt4Alf:pvnm0e,pfE8Hb,PFBcW;B01qod:dJXsye;H1e5u:iXtTIf;lYIUJf:hij5Wb;bmeZHc:iURhpf;Oxj3Xe:qAKMYb,yaf12d\" jsname=\"txFAF\" jscontroller=\"Gn4SMb\"><span class=\"ryNqvb\" jsaction=\"click:E6Tfl,GFf3ac,tMZCfe; contextmenu:Nqw7Te,QP7LD; mouseout:Nqw7Te; mouseover:E6Tfl,c2aHje\" jsname=\"W297wb\">\u00a0<\/span><\/span><\/span><span lang=\"es\" class=\"HwtZe\" jsaction=\"mouseup:Sxi9L,BR6jm; mousedown:qjlr0e\" jsname=\"jqKxS\"><span class=\"jCAhz ChMk0b\" jsaction=\"agoMJf:PFBcW;MZfLnc:P7O7bd;nt4Alf:pvnm0e,pfE8Hb,PFBcW;B01qod:dJXsye;H1e5u:iXtTIf;lYIUJf:hij5Wb;bmeZHc:iURhpf;Oxj3Xe:qAKMYb,yaf12d\" jsname=\"txFAF\" jscontroller=\"Gn4SMb\"><span class=\"ryNqvb\" jsaction=\"click:E6Tfl,GFf3ac,tMZCfe; contextmenu:Nqw7Te,QP7LD; mouseout:Nqw7Te; mouseover:E6Tfl,c2aHje\" jsname=\"W297wb\"><\/span><\/span><\/span>\n<\/div>\n<div class=\"lRu31\">\n<span lang=\"es\" class=\"HwtZe\" jsaction=\"mouseup:Sxi9L,BR6jm; mousedown:qjlr0e\" jsname=\"jqKxS\"><span class=\"jCAhz ChMk0b\" jsaction=\"agoMJf:PFBcW;MZfLnc:P7O7bd;nt4Alf:pvnm0e,pfE8Hb,PFBcW;B01qod:dJXsye;H1e5u:iXtTIf;lYIUJf:hij5Wb;bmeZHc:iURhpf;Oxj3Xe:qAKMYb,yaf12d\" jsname=\"txFAF\" jscontroller=\"Gn4SMb\"><span class=\"ryNqvb\" jsaction=\"click:E6Tfl,GFf3ac,tMZCfe; contextmenu:Nqw7Te,QP7LD; mouseout:Nqw7Te; mouseover:E6Tfl,c2aHje\" jsname=\"W297wb\"><\/span><\/span><\/span>\n<\/div>\n<div class=\"lRu31\"><span lang=\"es\" class=\"HwtZe\" jsaction=\"mouseup:Sxi9L,BR6jm; mousedown:qjlr0e\" jsname=\"jqKxS\"><span class=\"jCAhz ChMk0b\" jsaction=\"agoMJf:PFBcW;MZfLnc:P7O7bd;nt4Alf:pvnm0e,pfE8Hb,PFBcW;B01qod:dJXsye;H1e5u:iXtTIf;lYIUJf:hij5Wb;bmeZHc:iURhpf;Oxj3Xe:qAKMYb,yaf12d\" jsname=\"txFAF\" jscontroller=\"Gn4SMb\"><span class=\"ryNqvb\" jsaction=\"click:E6Tfl,GFf3ac,tMZCfe; contextmenu:Nqw7Te,QP7LD; mouseout:Nqw7Te; mouseover:E6Tfl,c2aHje\" jsname=\"W297wb\">La medida del marco de madera es de 75 cm<\/span><\/span> <span class=\"jCAhz ChMk0b\" jsaction=\"agoMJf:PFBcW;MZfLnc:P7O7bd;nt4Alf:pvnm0e,pfE8Hb,PFBcW;B01qod:dJXsye;H1e5u:iXtTIf;lYIUJf:hij5Wb;bmeZHc:iURhpf;Oxj3Xe:qAKMYb,yaf12d\" jsname=\"txFAF\" jscontroller=\"Gn4SMb\"><span class=\"ryNqvb\" jsaction=\"click:E6Tfl,GFf3ac,tMZCfe; contextmenu:Nqw7Te,QP7LD; mouseout:Nqw7Te; mouseover:E6Tfl,c2aHje\" jsname=\"W297wb\">de largo x 15 cm<\/span><\/span>\u00a0<span class=\"jCAhz ChMk0b\" jsaction=\"agoMJf:PFBcW;MZfLnc:P7O7bd;nt4Alf:pvnm0e,pfE8Hb,PFBcW;B01qod:dJXsye;H1e5u:iXtTIf;lYIUJf:hij5Wb;bmeZHc:iURhpf;Oxj3Xe:qAKMYb,yaf12d\" jsname=\"txFAF\" jscontroller=\"Gn4SMb\"><span class=\"ryNqvb\" jsaction=\"click:E6Tfl,GFf3ac,tMZCfe; contextmenu:Nqw7Te,QP7LD; mouseout:Nqw7Te; mouseover:E6Tfl,c2aHje\" jsname=\"W297wb\">ancho <\/span><\/span><span class=\"jCAhz ChMk0b\" jsaction=\"agoMJf:PFBcW;MZfLnc:P7O7bd;nt4Alf:pvnm0e,pfE8Hb,PFBcW;B01qod:dJXsye;H1e5u:iXtTIf;lYIUJf:hij5Wb;bmeZHc:iURhpf;Oxj3Xe:qAKMYb,yaf12d\" jsname=\"txFAF\" jscontroller=\"Gn4SMb\"><span class=\"ryNqvb\" jsaction=\"click:E6Tfl,GFf3ac,tMZCfe; contextmenu:Nqw7Te,QP7LD; mouseout:Nqw7Te; mouseover:E6Tfl,c2aHje\" jsname=\"W297wb\">Y de profundidad 4,5 cm.\u00a0<\/span><\/span><\/span><\/div>\n<div class=\"lRu31\">\n<span lang=\"es\" class=\"HwtZe\" jsaction=\"mouseup:Sxi9L,BR6jm; mousedown:qjlr0e\" jsname=\"jqKxS\"><\/span>\n<\/div>\n<div class=\"lRu31\">\n<span lang=\"es\" class=\"HwtZe\" jsaction=\"mouseup:Sxi9L,BR6jm; mousedown:qjlr0e\" jsname=\"jqKxS\"><span class=\"jCAhz ChMk0b\" jsaction=\"agoMJf:PFBcW;MZfLnc:P7O7bd;nt4Alf:pvnm0e,pfE8Hb,PFBcW;B01qod:dJXsye;H1e5u:iXtTIf;lYIUJf:hij5Wb;bmeZHc:iURhpf;Oxj3Xe:qAKMYb,yaf12d\" jsname=\"txFAF\" jscontroller=\"Gn4SMb\"><span class=\"ryNqvb\" jsaction=\"click:E6Tfl,GFf3ac,tMZCfe; contextmenu:Nqw7Te,QP7LD; mouseout:Nqw7Te; mouseover:E6Tfl,c2aHje\" jsname=\"W297wb\"><\/span><\/span><\/span>\n<\/div>\n<p>\u00a0<\/p>\n<div aria-hidden=\"true\" class=\"UdTY9 WdefRb\" data-location=\"2\" jsaction=\"agoMJf:gXkcrf;h5CHLc:RHer4,P6Fjxb;rpiAHc:GitQp,fNH7he\" jscontroller=\"ZbunN\" jsname=\"c3wAjc\">\n<div class=\"kO6q6e\" jsname=\"jTaUub\"><\/div>\n<\/div>\n<div class=\"VO9ucd\" jsaction=\"JIbuQc:WDL0xb(vLv7Lb),DSQAtf(kImuFf),ZRWqcb(kImuFf),FeoNK(rhPddf),X9gwPe(rhPddf)\">\n<div class=\"aJIq1d\" data-language-code=\"es\" data-language-name=\"espa\u00f1ol\" data-text=\"Se trata de madera r\u00fastica de pino cuidadosamente rellena de musgo preservado. Un regalo ideal para la casa o simplemente a\u00f1adir vegetaci\u00f3n a tu hogar sin necesidad de cuidados.Al estar conservado, no necesita ning\u00fan tipo de mantenimiento, manteniendo su color y textura frescos para siempre.Tampoco es necesario darle luz. Una forma c\u00f3moda de decorar con verde sin tener que prestar atenci\u00f3n.La medida del marco de madera es de 43 cms. = 17 pulgadas de largo x 9 cms. ancho = 3,55 pulgadas. Y de profundidad 4,5 cms. = 1,77 pulgadas.Tiene un soporte con muescas en la parte trasera para colgarlo en la pared c\u00f3modamente.Pero puedes elegir en opciones que te lo entreguen con cinta adhesiva.\u00bfPara esto? Porque tal vez quieras colocarlo en paredes de azulejos donde no quieras hacer agujeros...En ba\u00f1os o porcelanato... As\u00ed que te doy la opci\u00f3n de hacerlo adhesivo para que lo pegues a la pared y el d\u00eda que lo quieras quitar no se da\u00f1e.Tambi\u00e9n puedes elegir el color de la madera que enmarca el musgo.El tono de la madera de la fotograf\u00eda es color Nut.\" data-crosslingual-hint=\"\" data-location=\"2\" data-enable-toggle-playback-speed=\"true\" data-results-count=\"1\" data-result-index=\"1\" jsaction=\"click:Gbxe1; mouseover:hhMOkf;JIbuQc:PreYxb;OBoCn:mVk5Z,lCU3Od;Ty8gnd:HPNHWd;NWKMf:kyVNJ;vcrU3d:Zlhgrb,UK2BE,AF7SHc,nkwrxd;HOIUFe:HPNHWd,kyVNJ,SuUFRb;Q8Drrd:HPNHWd,kyVNJ,vnX0N;aTptWe:Ln2vo;vvtHud:oKcBzb,xFzAKb;l1LAxc:nEgk5e\" jslog=\"174272; track:JIbuQc;\" jscontroller=\"JNcm2e\" jsmodel=\"WCciof\" jsname=\"Xk9Utf\"><br \/>\n<span data-irrelevant-id=\"ucc-273\"><\/span><\/p>\n<div class=\"m0Qfkd\">\n<span data-is-tooltip-wrapper=\"true\"><\/span>\n<\/div>\n<\/div>\n<\/div>\n<p>\u00a0<\/p>","protected":false},"excerpt":{"rendered":"<p>Pieza realizada con madera de pino envejecida cuidadosamente rellena de musgo preservado. Al ser preservado, no necesita ning\u00fan tipo de mantenimiento ni manteniendo. Su color y textura permanecer\u00e1n frescos para siempre. Tampoco es necesario que tenga luz para su conservaci\u00f3n. Una forma muy c\u00f3moda de decorar con vegetaci\u00f3n sin tener que preocuparnos por sus cuidados.\u00a0 [&hellip;]<\/p>\n","protected":false},"featured_media":1534,"comment_status":"open","ping_status":"closed","template":"","meta":{"_joinchat":[]},"product_brand":[],"product_cat":[87],"product_tag":[38,59,39,40,41,42,43,60,46],"class_list":{"0":"post-1294","1":"product","2":"type-product","3":"status-publish","4":"has-post-thumbnail","6":"product_cat-marcos-de-musgo-preservado","7":"product_tag-decoracion","8":"product_tag-decoracion-elegante","9":"product_tag-decoracion-en-madera","10":"product_tag-decoracion-interior","11":"product_tag-decoracion-nordica","12":"product_tag-decoracion-pared","13":"product_tag-diseno-interior","14":"product_tag-diseno-original","15":"product_tag-hogar","17":"first","18":"instock","19":"taxable","20":"shipping-taxable","21":"purchasable","22":"product-type-variable"},"_links":{"self":[{"href":"https:\/\/woodahome.es\/en\/wp-json\/wp\/v2\/product\/1294","targetHints":{"allow":["GET"]}}],"collection":[{"href":"https:\/\/woodahome.es\/en\/wp-json\/wp\/v2\/product"}],"about":[{"href":"https:\/\/woodahome.es\/en\/wp-json\/wp\/v2\/types\/product"}],"replies":[{"embeddable":true,"href":"https:\/\/woodahome.es\/en\/wp-json\/wp\/v2\/comments?post=1294"}],"wp:featuredmedia":[{"embeddable":true,"href":"https:\/\/woodahome.es\/en\/wp-json\/wp\/v2\/media\/1534"}],"wp:attachment":[{"href":"https:\/\/woodahome.es\/en\/wp-json\/wp\/v2\/media?parent=1294"}],"wp:term":[{"taxonomy":"product_brand","embeddable":true,"href":"https:\/\/woodahome.es\/en\/wp-json\/wp\/v2\/product_brand?post=1294"},{"taxonomy":"product_cat","embeddable":true,"href":"https:\/\/woodahome.es\/en\/wp-json\/wp\/v2\/product_cat?post=1294"},{"taxonomy":"product_tag","embeddable":true,"href":"https:\/\/woodahome.es\/en\/wp-json\/wp\/v2\/product_tag?post=1294"}],"curies":[{"name":"wp","href":"https:\/\/api.w.org\/{rel}","templated":true}]}}