{"id":1301,"date":"2025-06-27T10:24:25","date_gmt":"2025-06-27T09:24:25","guid":{"rendered":"https:\/\/woodahome.es\/producto\/soporte-para-jarrones-de-cristal\/"},"modified":"2025-06-27T10:24:26","modified_gmt":"2025-06-27T09:24:26","slug":"soporte-para-jarrones-de-cristal","status":"publish","type":"product","link":"https:\/\/woodahome.es\/en\/product\/soporte-para-jarrones-de-cristal\/","title":{"rendered":"Soporte para jarrones de cristal"},"content":{"rendered":"<p>Soporte en madera de pino natural con 5 soportes de cristal de 16 mm di\u00e1metro x 160 mm de alto.<\/p>\n<p>El jarr\u00f3n de cristal hace tope con una junta de goma la cual puede cambiarse de posici\u00f3n m\u00e1s arriba o abajo pudiendo colocar el jarr\u00f3n en una posici\u00f3n m\u00e1s alta o m\u00e1s baja si se quiere.<\/p>\n<p>Puede colgarlo f\u00e1cilmente en cualquier lugar ya que lleva un cord\u00f3n desde donde queda colgado f\u00e1cilmente.<\/p>\n<p>Puede colocar sus plantas naturales con agua o sus plantas secas, flores y m\u00faltiples posibilidades.<\/p>\n<p>\u00a0<\/p>\n<p>\u00a0<\/p>","protected":false},"excerpt":{"rendered":"<p>Soporte en madera de pino natural con 5 soportes de cristal de 16 mm di\u00e1metro x 160 mm de alto. El jarr\u00f3n de cristal hace tope con una junta de goma la cual puede cambiarse de posici\u00f3n m\u00e1s arriba o abajo pudiendo colocar el jarr\u00f3n en una posici\u00f3n m\u00e1s alta o m\u00e1s baja si se [&hellip;]<\/p>\n","protected":false},"featured_media":1541,"comment_status":"open","ping_status":"closed","template":"","meta":{"_joinchat":[]},"product_brand":[],"product_cat":[85],"product_tag":[68,70],"class_list":{"0":"post-1301","1":"product","2":"type-product","3":"status-publish","4":"has-post-thumbnail","6":"product_cat-jarrones-de-cristal","7":"product_tag-jarron-propagacion","8":"product_tag-soporte-cristal-plantas","10":"first","11":"outofstock","12":"taxable","13":"shipping-taxable","14":"purchasable","15":"product-type-simple"},"_links":{"self":[{"href":"https:\/\/woodahome.es\/en\/wp-json\/wp\/v2\/product\/1301","targetHints":{"allow":["GET"]}}],"collection":[{"href":"https:\/\/woodahome.es\/en\/wp-json\/wp\/v2\/product"}],"about":[{"href":"https:\/\/woodahome.es\/en\/wp-json\/wp\/v2\/types\/product"}],"replies":[{"embeddable":true,"href":"https:\/\/woodahome.es\/en\/wp-json\/wp\/v2\/comments?post=1301"}],"wp:featuredmedia":[{"embeddable":true,"href":"https:\/\/woodahome.es\/en\/wp-json\/wp\/v2\/media\/1541"}],"wp:attachment":[{"href":"https:\/\/woodahome.es\/en\/wp-json\/wp\/v2\/media?parent=1301"}],"wp:term":[{"taxonomy":"product_brand","embeddable":true,"href":"https:\/\/woodahome.es\/en\/wp-json\/wp\/v2\/product_brand?post=1301"},{"taxonomy":"product_cat","embeddable":true,"href":"https:\/\/woodahome.es\/en\/wp-json\/wp\/v2\/product_cat?post=1301"},{"taxonomy":"product_tag","embeddable":true,"href":"https:\/\/woodahome.es\/en\/wp-json\/wp\/v2\/product_tag?post=1301"}],"curies":[{"name":"wp","href":"https:\/\/api.w.org\/{rel}","templated":true}]}}