{"id":1308,"date":"2025-06-27T10:24:31","date_gmt":"2025-06-27T09:24:31","guid":{"rendered":"https:\/\/woodahome.es\/producto\/soportes-3d-beige\/"},"modified":"2025-06-27T10:24:40","modified_gmt":"2025-06-27T09:24:40","slug":"soportes-3d-beige","status":"publish","type":"product","link":"https:\/\/woodahome.es\/en\/product\/soportes-3d-beige\/","title":{"rendered":"Soportes 3D Beige"},"content":{"rendered":"<p>Set de 3 soportes para pared con jarr\u00f3n de cristal incluido.<\/p>\n<p>Estos soportes est\u00e1n realizados en material sostenible y ecol\u00f3gico proveniente del maiz, realizado con impresi\u00f3n 3D.<\/p>\n<p>Color beige que nos recuerda la tierra y arena.<\/p>\n<p>El soporte lleva una fuerte cinta adhesiva para que se sujete a cualquier superficie.<\/p>\n<p>El jarr\u00f3n de cristal puede quitarse desliz\u00e1ndolo hacia arriba para el cambio de agua y plantas mientras el soporte sigue adherido a la pared. <\/p>\n<p>Las medidas del jarr\u00f3n de cristal son de 1,6 cm de di\u00e1metro x 16 cm de alto.<\/p>\n<p>Se a\u00f1ade una arandela de goma transparente para que haga tope y el jarr\u00f3n no deslice hacia abajo.<\/p>\n<p>\u00a0<\/p>\n<p>\u00a0<\/p>\n<p>\u00a0<\/p>\n<p>\u00a0<\/p>","protected":false},"excerpt":{"rendered":"<p>Set de 3 soportes para pared con jarr\u00f3n de cristal incluido. Estos soportes est\u00e1n realizados en material sostenible y ecol\u00f3gico proveniente del maiz, realizado con impresi\u00f3n 3D. Color beige que nos recuerda la tierra y arena. El soporte lleva una fuerte cinta adhesiva para que se sujete a cualquier superficie. El jarr\u00f3n de cristal puede [&hellip;]<\/p>\n","protected":false},"featured_media":1554,"comment_status":"open","ping_status":"closed","template":"","meta":{"_joinchat":[]},"product_brand":[],"product_cat":[85],"product_tag":[68,70],"class_list":{"0":"post-1308","1":"product","2":"type-product","3":"status-publish","4":"has-post-thumbnail","6":"product_cat-jarrones-de-cristal","7":"product_tag-jarron-propagacion","8":"product_tag-soporte-cristal-plantas","10":"first","11":"instock","12":"taxable","13":"shipping-taxable","14":"purchasable","15":"product-type-variable"},"_links":{"self":[{"href":"https:\/\/woodahome.es\/en\/wp-json\/wp\/v2\/product\/1308","targetHints":{"allow":["GET"]}}],"collection":[{"href":"https:\/\/woodahome.es\/en\/wp-json\/wp\/v2\/product"}],"about":[{"href":"https:\/\/woodahome.es\/en\/wp-json\/wp\/v2\/types\/product"}],"replies":[{"embeddable":true,"href":"https:\/\/woodahome.es\/en\/wp-json\/wp\/v2\/comments?post=1308"}],"wp:featuredmedia":[{"embeddable":true,"href":"https:\/\/woodahome.es\/en\/wp-json\/wp\/v2\/media\/1554"}],"wp:attachment":[{"href":"https:\/\/woodahome.es\/en\/wp-json\/wp\/v2\/media?parent=1308"}],"wp:term":[{"taxonomy":"product_brand","embeddable":true,"href":"https:\/\/woodahome.es\/en\/wp-json\/wp\/v2\/product_brand?post=1308"},{"taxonomy":"product_cat","embeddable":true,"href":"https:\/\/woodahome.es\/en\/wp-json\/wp\/v2\/product_cat?post=1308"},{"taxonomy":"product_tag","embeddable":true,"href":"https:\/\/woodahome.es\/en\/wp-json\/wp\/v2\/product_tag?post=1308"}],"curies":[{"name":"wp","href":"https:\/\/api.w.org\/{rel}","templated":true}]}}