{"id":955,"date":"2025-06-27T10:22:28","date_gmt":"2025-06-27T09:22:28","guid":{"rendered":"https:\/\/woodahome.es\/producto\/cuadro-vertical-grande-para-pared-natural\/"},"modified":"2025-12-31T15:47:20","modified_gmt":"2025-12-31T14:47:20","slug":"cuadro-vertical-grande-para-pared-natural","status":"publish","type":"product","link":"https:\/\/woodahome.es\/en\/product\/cuadro-vertical-grande-para-pared-natural\/","title":{"rendered":"Cuadro vertical grande para pared Natural"},"content":{"rendered":"<div class=\"lRu31\"><span class=\"HwtZe\" lang=\"es\" jsname=\"jqKxS\" jsaction=\"mouseup:Sxi9L,BR6jm; mousedown:qjlr0e\"><span class=\"jCAhz ChMk0b\" jscontroller=\"Gn4SMb\" jsname=\"txFAF\" jsaction=\"agoMJf:PFBcW;MZfLnc:P7O7bd;nt4Alf:pvnm0e,pfE8Hb,PFBcW;B01qod:dJXsye;H1e5u:iXtTIf;lYIUJf:hij5Wb;bmeZHc:iURhpf;Oxj3Xe:qAKMYb,yaf12d\"><span class=\"ryNqvb\" jsname=\"W297wb\" jsaction=\"click:E6Tfl,GFf3ac,tMZCfe; contextmenu:Nqw7Te,QP7LD; mouseout:Nqw7Te; mouseover:E6Tfl,c2aHje\">Pieza realizada con madera de pino cuidadosamente rellena de musgo preservado.<\/span><\/span> <\/span><\/div>\n<div class=\"lRu31\">\n<span class=\"HwtZe\" lang=\"es\" jsname=\"jqKxS\" jsaction=\"mouseup:Sxi9L,BR6jm; mousedown:qjlr0e\"><span class=\"jCAhz ChMk0b\" jscontroller=\"Gn4SMb\" jsname=\"txFAF\" jsaction=\"agoMJf:PFBcW;MZfLnc:P7O7bd;nt4Alf:pvnm0e,pfE8Hb,PFBcW;B01qod:dJXsye;H1e5u:iXtTIf;lYIUJf:hij5Wb;bmeZHc:iURhpf;Oxj3Xe:qAKMYb,yaf12d\"><span class=\"ryNqvb\" jsname=\"W297wb\" jsaction=\"click:E6Tfl,GFf3ac,tMZCfe; contextmenu:Nqw7Te,QP7LD; mouseout:Nqw7Te; mouseover:E6Tfl,c2aHje\"><\/span><\/span><\/span>\n<\/div>\n<div class=\"lRu31\"><span class=\"HwtZe\" lang=\"es\" jsname=\"jqKxS\" jsaction=\"mouseup:Sxi9L,BR6jm; mousedown:qjlr0e\"><span class=\"jCAhz ChMk0b\" jscontroller=\"Gn4SMb\" jsname=\"txFAF\" jsaction=\"agoMJf:PFBcW;MZfLnc:P7O7bd;nt4Alf:pvnm0e,pfE8Hb,PFBcW;B01qod:dJXsye;H1e5u:iXtTIf;lYIUJf:hij5Wb;bmeZHc:iURhpf;Oxj3Xe:qAKMYb,yaf12d\"><span class=\"ryNqvb\" jsname=\"W297wb\" jsaction=\"click:E6Tfl,GFf3ac,tMZCfe; contextmenu:Nqw7Te,QP7LD; mouseout:Nqw7Te; mouseover:E6Tfl,c2aHje\">Al ser preservado, no necesita ning\u00fan tipo de mantenimiento.<br \/><\/span><\/span><\/span><\/div>\n<div class=\"lRu31\"><span class=\"HwtZe\" lang=\"es\" jsname=\"jqKxS\" jsaction=\"mouseup:Sxi9L,BR6jm; mousedown:qjlr0e\"><span class=\"jCAhz ChMk0b\" jscontroller=\"Gn4SMb\" jsname=\"txFAF\" jsaction=\"agoMJf:PFBcW;MZfLnc:P7O7bd;nt4Alf:pvnm0e,pfE8Hb,PFBcW;B01qod:dJXsye;H1e5u:iXtTIf;lYIUJf:hij5Wb;bmeZHc:iURhpf;Oxj3Xe:qAKMYb,yaf12d\"><span class=\"ryNqvb\" jsname=\"W297wb\" jsaction=\"click:E6Tfl,GFf3ac,tMZCfe; contextmenu:Nqw7Te,QP7LD; mouseout:Nqw7Te; mouseover:E6Tfl,c2aHje\">Su color y textura permanecer\u00e1n frescos para siempre.<\/span><\/span><span class=\"jCAhz\" jscontroller=\"Gn4SMb\" jsname=\"txFAF\" jsaction=\"agoMJf:PFBcW;MZfLnc:P7O7bd;nt4Alf:pvnm0e,pfE8Hb,PFBcW;B01qod:dJXsye;H1e5u:iXtTIf;lYIUJf:hij5Wb;bmeZHc:iURhpf;Oxj3Xe:qAKMYb,yaf12d\"><span class=\"ryNqvb\" jsname=\"W297wb\" jsaction=\"click:E6Tfl,GFf3ac,tMZCfe; contextmenu:Nqw7Te,QP7LD; mouseout:Nqw7Te; mouseover:E6Tfl,c2aHje\"> <\/span><\/span><span class=\"jCAhz ChMk0b\" jscontroller=\"Gn4SMb\" jsname=\"txFAF\" jsaction=\"agoMJf:PFBcW;MZfLnc:P7O7bd;nt4Alf:pvnm0e,pfE8Hb,PFBcW;B01qod:dJXsye;H1e5u:iXtTIf;lYIUJf:hij5Wb;bmeZHc:iURhpf;Oxj3Xe:qAKMYb,yaf12d\"><span class=\"ryNqvb\" jsname=\"W297wb\" jsaction=\"click:E6Tfl,GFf3ac,tMZCfe; contextmenu:Nqw7Te,QP7LD; mouseout:Nqw7Te; mouseover:E6Tfl,c2aHje\">Tampoco es necesario que tenga luz para su conservaci\u00f3n.<\/span><\/span><\/span><\/div>\n<div class=\"lRu31\"><span class=\"HwtZe\" lang=\"es\" jsname=\"jqKxS\" jsaction=\"mouseup:Sxi9L,BR6jm; mousedown:qjlr0e\"><span class=\"jCAhz ChMk0b\" jscontroller=\"Gn4SMb\" jsname=\"txFAF\" jsaction=\"agoMJf:PFBcW;MZfLnc:P7O7bd;nt4Alf:pvnm0e,pfE8Hb,PFBcW;B01qod:dJXsye;H1e5u:iXtTIf;lYIUJf:hij5Wb;bmeZHc:iURhpf;Oxj3Xe:qAKMYb,yaf12d\"><span class=\"ryNqvb\" jsname=\"W297wb\" jsaction=\"click:E6Tfl,GFf3ac,tMZCfe; contextmenu:Nqw7Te,QP7LD; mouseout:Nqw7Te; mouseover:E6Tfl,c2aHje\">Una forma muy c\u00f3moda de decorar con vegetaci\u00f3n sin tener que preocuparnos por sus cuidados.<\/span><\/span><span class=\"jCAhz\" jscontroller=\"Gn4SMb\" jsname=\"txFAF\" jsaction=\"agoMJf:PFBcW;MZfLnc:P7O7bd;nt4Alf:pvnm0e,pfE8Hb,PFBcW;B01qod:dJXsye;H1e5u:iXtTIf;lYIUJf:hij5Wb;bmeZHc:iURhpf;Oxj3Xe:qAKMYb,yaf12d\"><span class=\"ryNqvb\" jsname=\"W297wb\" jsaction=\"click:E6Tfl,GFf3ac,tMZCfe; contextmenu:Nqw7Te,QP7LD; mouseout:Nqw7Te; mouseover:E6Tfl,c2aHje\"> <\/span><\/span><\/span><\/div>\n<div class=\"lRu31\">\n<span class=\"HwtZe\" lang=\"es\" jsname=\"jqKxS\" jsaction=\"mouseup:Sxi9L,BR6jm; mousedown:qjlr0e\"><span class=\"jCAhz ChMk0b\" jscontroller=\"Gn4SMb\" jsname=\"txFAF\" jsaction=\"agoMJf:PFBcW;MZfLnc:P7O7bd;nt4Alf:pvnm0e,pfE8Hb,PFBcW;B01qod:dJXsye;H1e5u:iXtTIf;lYIUJf:hij5Wb;bmeZHc:iURhpf;Oxj3Xe:qAKMYb,yaf12d\"><span class=\"ryNqvb\" jsname=\"W297wb\" jsaction=\"click:E6Tfl,GFf3ac,tMZCfe; contextmenu:Nqw7Te,QP7LD; mouseout:Nqw7Te; mouseover:E6Tfl,c2aHje\"><\/span><\/span><\/span>\n<\/div>\n<div class=\"lRu31\"><span class=\"HwtZe\" lang=\"es\" jsname=\"jqKxS\" jsaction=\"mouseup:Sxi9L,BR6jm; mousedown:qjlr0e\"><span class=\"jCAhz ChMk0b\" jscontroller=\"Gn4SMb\" jsname=\"txFAF\" jsaction=\"agoMJf:PFBcW;MZfLnc:P7O7bd;nt4Alf:pvnm0e,pfE8Hb,PFBcW;B01qod:dJXsye;H1e5u:iXtTIf;lYIUJf:hij5Wb;bmeZHc:iURhpf;Oxj3Xe:qAKMYb,yaf12d\"><span class=\"ryNqvb\" jsname=\"W297wb\" jsaction=\"click:E6Tfl,GFf3ac,tMZCfe; contextmenu:Nqw7Te,QP7LD; mouseout:Nqw7Te; mouseover:E6Tfl,c2aHje\">La medida del marco de madera es de 80 cm<\/span><\/span> <span class=\"jCAhz ChMk0b\" jscontroller=\"Gn4SMb\" jsname=\"txFAF\" jsaction=\"agoMJf:PFBcW;MZfLnc:P7O7bd;nt4Alf:pvnm0e,pfE8Hb,PFBcW;B01qod:dJXsye;H1e5u:iXtTIf;lYIUJf:hij5Wb;bmeZHc:iURhpf;Oxj3Xe:qAKMYb,yaf12d\"><span class=\"ryNqvb\" jsname=\"W297wb\" jsaction=\"click:E6Tfl,GFf3ac,tMZCfe; contextmenu:Nqw7Te,QP7LD; mouseout:Nqw7Te; mouseover:E6Tfl,c2aHje\">de alto x 20 cm<\/span><\/span>\u00a0<span class=\"jCAhz ChMk0b\" jscontroller=\"Gn4SMb\" jsname=\"txFAF\" jsaction=\"agoMJf:PFBcW;MZfLnc:P7O7bd;nt4Alf:pvnm0e,pfE8Hb,PFBcW;B01qod:dJXsye;H1e5u:iXtTIf;lYIUJf:hij5Wb;bmeZHc:iURhpf;Oxj3Xe:qAKMYb,yaf12d\"><span class=\"ryNqvb\" jsname=\"W297wb\" jsaction=\"click:E6Tfl,GFf3ac,tMZCfe; contextmenu:Nqw7Te,QP7LD; mouseout:Nqw7Te; mouseover:E6Tfl,c2aHje\">ancho. <\/span><\/span><span class=\"jCAhz ChMk0b\" jscontroller=\"Gn4SMb\" jsname=\"txFAF\" jsaction=\"agoMJf:PFBcW;MZfLnc:P7O7bd;nt4Alf:pvnm0e,pfE8Hb,PFBcW;B01qod:dJXsye;H1e5u:iXtTIf;lYIUJf:hij5Wb;bmeZHc:iURhpf;Oxj3Xe:qAKMYb,yaf12d\"><span class=\"ryNqvb\" jsname=\"W297wb\" jsaction=\"click:E6Tfl,GFf3ac,tMZCfe; contextmenu:Nqw7Te,QP7LD; mouseout:Nqw7Te; mouseover:E6Tfl,c2aHje\">Y de profundidad 4,5 cm.\u00a0<\/span><\/span><\/span><\/div>\n<div class=\"lRu31\">\n<span class=\"HwtZe\" lang=\"es\" jsname=\"jqKxS\" jsaction=\"mouseup:Sxi9L,BR6jm; mousedown:qjlr0e\"><span class=\"jCAhz ChMk0b\" jscontroller=\"Gn4SMb\" jsname=\"txFAF\" jsaction=\"agoMJf:PFBcW;MZfLnc:P7O7bd;nt4Alf:pvnm0e,pfE8Hb,PFBcW;B01qod:dJXsye;H1e5u:iXtTIf;lYIUJf:hij5Wb;bmeZHc:iURhpf;Oxj3Xe:qAKMYb,yaf12d\"><span class=\"ryNqvb\" jsname=\"W297wb\" jsaction=\"click:E6Tfl,GFf3ac,tMZCfe; contextmenu:Nqw7Te,QP7LD; mouseout:Nqw7Te; mouseover:E6Tfl,c2aHje\"><\/span><\/span><\/span>\n<\/div>\n<div class=\"lRu31\"><span class=\"HwtZe\" lang=\"es\" jsname=\"jqKxS\" jsaction=\"mouseup:Sxi9L,BR6jm; mousedown:qjlr0e\"><span class=\"jCAhz ChMk0b\" jscontroller=\"Gn4SMb\" jsname=\"txFAF\" jsaction=\"agoMJf:PFBcW;MZfLnc:P7O7bd;nt4Alf:pvnm0e,pfE8Hb,PFBcW;B01qod:dJXsye;H1e5u:iXtTIf;lYIUJf:hij5Wb;bmeZHc:iURhpf;Oxj3Xe:qAKMYb,yaf12d\"><span class=\"ryNqvb\" jsname=\"W297wb\" jsaction=\"click:E6Tfl,GFf3ac,tMZCfe; contextmenu:Nqw7Te,QP7LD; mouseout:Nqw7Te; mouseover:E6Tfl,c2aHje\">Tiene un soporte dentado en la parte trasera para colgarlo en la pared f\u00e1cilmente.<\/span><\/span><span class=\"jCAhz\" jscontroller=\"Gn4SMb\" jsname=\"txFAF\" jsaction=\"agoMJf:PFBcW;MZfLnc:P7O7bd;nt4Alf:pvnm0e,pfE8Hb,PFBcW;B01qod:dJXsye;H1e5u:iXtTIf;lYIUJf:hij5Wb;bmeZHc:iURhpf;Oxj3Xe:qAKMYb,yaf12d\"><span class=\"ryNqvb\" jsname=\"W297wb\" jsaction=\"click:E6Tfl,GFf3ac,tMZCfe; contextmenu:Nqw7Te,QP7LD; mouseout:Nqw7Te; mouseover:E6Tfl,c2aHje\">\u00a0<\/span><\/span><span class=\"jCAhz\" jscontroller=\"Gn4SMb\" jsname=\"txFAF\" jsaction=\"agoMJf:PFBcW;MZfLnc:P7O7bd;nt4Alf:pvnm0e,pfE8Hb,PFBcW;B01qod:dJXsye;H1e5u:iXtTIf;lYIUJf:hij5Wb;bmeZHc:iURhpf;Oxj3Xe:qAKMYb,yaf12d\"><span class=\"ryNqvb\" jsname=\"W297wb\" jsaction=\"click:E6Tfl,GFf3ac,tMZCfe; contextmenu:Nqw7Te,QP7LD; mouseout:Nqw7Te; mouseover:E6Tfl,c2aHje\"> <\/span><\/span><\/span><\/div>\n<div class=\"lRu31\">\n<span class=\"HwtZe\" lang=\"es\" jsname=\"jqKxS\" jsaction=\"mouseup:Sxi9L,BR6jm; mousedown:qjlr0e\"><span class=\"jCAhz ChMk0b\" jscontroller=\"Gn4SMb\" jsname=\"txFAF\" jsaction=\"agoMJf:PFBcW;MZfLnc:P7O7bd;nt4Alf:pvnm0e,pfE8Hb,PFBcW;B01qod:dJXsye;H1e5u:iXtTIf;lYIUJf:hij5Wb;bmeZHc:iURhpf;Oxj3Xe:qAKMYb,yaf12d\"><span class=\"ryNqvb\" jsname=\"W297wb\" jsaction=\"click:E6Tfl,GFf3ac,tMZCfe; contextmenu:Nqw7Te,QP7LD; mouseout:Nqw7Te; mouseover:E6Tfl,c2aHje\">Tambi\u00e9n puedes elegir el color de la madera que enmarca el musgo.<\/span><\/span><span class=\"jCAhz\" jscontroller=\"Gn4SMb\" jsname=\"txFAF\" jsaction=\"agoMJf:PFBcW;MZfLnc:P7O7bd;nt4Alf:pvnm0e,pfE8Hb,PFBcW;B01qod:dJXsye;H1e5u:iXtTIf;lYIUJf:hij5Wb;bmeZHc:iURhpf;Oxj3Xe:qAKMYb,yaf12d\"><span class=\"ryNqvb\" jsname=\"W297wb\" jsaction=\"click:E6Tfl,GFf3ac,tMZCfe; contextmenu:Nqw7Te,QP7LD; mouseout:Nqw7Te; mouseover:E6Tfl,c2aHje\"> <\/span><\/span><span class=\"jCAhz ChMk0b\" jscontroller=\"Gn4SMb\" jsname=\"txFAF\" jsaction=\"agoMJf:PFBcW;MZfLnc:P7O7bd;nt4Alf:pvnm0e,pfE8Hb,PFBcW;B01qod:dJXsye;H1e5u:iXtTIf;lYIUJf:hij5Wb;bmeZHc:iURhpf;Oxj3Xe:qAKMYb,yaf12d\"><span class=\"ryNqvb\" jsname=\"W297wb\" jsaction=\"click:E6Tfl,GFf3ac,tMZCfe; contextmenu:Nqw7Te,QP7LD; mouseout:Nqw7Te; mouseover:E6Tfl,c2aHje\">El tono de la madera de la fotograf\u00eda es color Natural.<\/span><\/span><\/span><span class=\"ZSCsVd\"><\/span>\n<\/div>\n<div data-location=\"2\" class=\"UdTY9 WdefRb\" aria-hidden=\"true\" jsname=\"c3wAjc\" jscontroller=\"ZbunN\" jsaction=\"agoMJf:gXkcrf;h5CHLc:RHer4,P6Fjxb;rpiAHc:GitQp,fNH7he\">\n<div class=\"kO6q6e\" jsname=\"jTaUub\"><\/div>\n<\/div>\n<div class=\"VO9ucd\" jsaction=\"JIbuQc:WDL0xb(vLv7Lb),DSQAtf(kImuFf),ZRWqcb(kImuFf),FeoNK(rhPddf),X9gwPe(rhPddf)\">\n<div data-result-index=\"1\" data-results-count=\"1\" data-enable-toggle-playback-speed=\"true\" data-location=\"2\" data-crosslingual-hint=\"\" data-text=\"Se trata de madera r\u00fastica de pino cuidadosamente rellena de musgo preservado. Un regalo ideal para la casa o simplemente a\u00f1adir vegetaci\u00f3n a tu hogar sin necesidad de cuidados.Al estar conservado, no necesita ning\u00fan tipo de mantenimiento, manteniendo su color y textura frescos para siempre.Tampoco es necesario darle luz. Una forma c\u00f3moda de decorar con verde sin tener que prestar atenci\u00f3n.La medida del marco de madera es de 43 cms. = 17 pulgadas de largo x 9 cms. ancho = 3,55 pulgadas. Y de profundidad 4,5 cms. = 1,77 pulgadas.Tiene un soporte con muescas en la parte trasera para colgarlo en la pared c\u00f3modamente.Pero puedes elegir en opciones que te lo entreguen con cinta adhesiva.\u00bfPara esto? Porque tal vez quieras colocarlo en paredes de azulejos donde no quieras hacer agujeros...En ba\u00f1os o porcelanato... As\u00ed que te doy la opci\u00f3n de hacerlo adhesivo para que lo pegues a la pared y el d\u00eda que lo quieras quitar no se da\u00f1e.Tambi\u00e9n puedes elegir el color de la madera que enmarca el musgo.El tono de la madera de la fotograf\u00eda es color Nut.\" data-language-name=\"espa\u00f1ol\" data-language-code=\"es\" class=\"aJIq1d\" jsname=\"Xk9Utf\" jsmodel=\"WCciof\" jscontroller=\"JNcm2e\" jslog=\"174272; track:JIbuQc;\" jsaction=\"click:Gbxe1; mouseover:hhMOkf;JIbuQc:PreYxb;OBoCn:mVk5Z,lCU3Od;Ty8gnd:HPNHWd;NWKMf:kyVNJ;vcrU3d:Zlhgrb,UK2BE,AF7SHc,nkwrxd;HOIUFe:HPNHWd,kyVNJ,SuUFRb;Q8Drrd:HPNHWd,kyVNJ,vnX0N;aTptWe:Ln2vo;vvtHud:oKcBzb,xFzAKb;l1LAxc:nEgk5e\"><br \/>\n<span data-irrelevant-id=\"ucc-273\"><\/span><\/p>\n<div class=\"m0Qfkd\">\n<span data-is-tooltip-wrapper=\"true\"><\/span>\n<\/div>\n<\/div>\n<\/div>\n<p>\u00a0<\/p>","protected":false},"excerpt":{"rendered":"<p>Pieza realizada con madera de pino cuidadosamente rellena de musgo preservado. Al ser preservado, no necesita ning\u00fan tipo de mantenimiento. Su color y textura permanecer\u00e1n frescos para siempre. Tampoco es necesario que tenga luz para su conservaci\u00f3n. Una forma muy c\u00f3moda de decorar con vegetaci\u00f3n sin tener que preocuparnos por sus cuidados. La medida del [&hellip;]<\/p>\n","protected":false},"featured_media":1035,"comment_status":"open","ping_status":"closed","template":"","meta":{"_joinchat":[]},"product_brand":[],"product_cat":[87],"product_tag":[],"class_list":{"0":"post-955","1":"product","2":"type-product","3":"status-publish","4":"has-post-thumbnail","6":"product_cat-marcos-de-musgo-preservado","8":"first","9":"instock","10":"taxable","11":"shipping-taxable","12":"purchasable","13":"product-type-variable"},"_links":{"self":[{"href":"https:\/\/woodahome.es\/en\/wp-json\/wp\/v2\/product\/955","targetHints":{"allow":["GET"]}}],"collection":[{"href":"https:\/\/woodahome.es\/en\/wp-json\/wp\/v2\/product"}],"about":[{"href":"https:\/\/woodahome.es\/en\/wp-json\/wp\/v2\/types\/product"}],"replies":[{"embeddable":true,"href":"https:\/\/woodahome.es\/en\/wp-json\/wp\/v2\/comments?post=955"}],"wp:featuredmedia":[{"embeddable":true,"href":"https:\/\/woodahome.es\/en\/wp-json\/wp\/v2\/media\/1035"}],"wp:attachment":[{"href":"https:\/\/woodahome.es\/en\/wp-json\/wp\/v2\/media?parent=955"}],"wp:term":[{"taxonomy":"product_brand","embeddable":true,"href":"https:\/\/woodahome.es\/en\/wp-json\/wp\/v2\/product_brand?post=955"},{"taxonomy":"product_cat","embeddable":true,"href":"https:\/\/woodahome.es\/en\/wp-json\/wp\/v2\/product_cat?post=955"},{"taxonomy":"product_tag","embeddable":true,"href":"https:\/\/woodahome.es\/en\/wp-json\/wp\/v2\/product_tag?post=955"}],"curies":[{"name":"wp","href":"https:\/\/api.w.org\/{rel}","templated":true}]}}